{"id":4366,"date":"2019-03-28T11:51:59","date_gmt":"2019-03-28T10:51:59","guid":{"rendered":"http:\/\/php-5.4.30.vps24.moodem.it\/adf\/?page_id=4366"},"modified":"2019-07-18T09:05:07","modified_gmt":"2019-07-18T07:05:07","slug":"info","status":"publish","type":"page","link":"https:\/\/www.adformandum.org\/si\/info\/","title":{"rendered":"O nas"},"content":{"rendered":"<p>[vc_row row_content_width=&#8221;grid&#8221; css=&#8221;.vc_custom_1554114308292{padding-top: 100px !important;padding-bottom: 100px !important;}&#8221;][vc_column offset=&#8221;vc_col-lg-6 vc_col-md-12 vc_col-xs-12&#8243;]<div class=\"eltdf-section-title-holder  eltdf-st-standard eltdf-st-title-left eltdf-st-normal-space \" >\n\t<div class=\"eltdf-st-inner\">\n\t\t\t\t\t<h3 class=\"eltdf-st-title\" >\n\t\t\t\tSTRAST IN PREDANOST DELU\t\t\t<\/h3>\n\t\t\t\t\t\t\t\t\t<h4 class=\"eltdf-st-text\" style=\"color: #ff5a0a\">\n\t\t\t\tki nam vedno predstavlja izziv\t\t\t<\/h4>\n\t\t\t<\/div>\n<\/div>[vc_column_text]Evolucija je nekaj naravnega, prilagajanje pa je odziv tistih, ki si znajo predstavljati trajnostno prihodnost, znotraj katere ustvarijo lasten prostor. Knjiga, ki se odpre in nam razkrije svojo vsebino. Nekdo vam jo pribli\u017ea, nekdo jo napi\u0161e. Njen povzetek ka\u017ee na znanje. Je sad dela, izku\u0161enosti in sinteze idej, hkrati pa je motor, ki ustvarja novosti. Vse to je svet\u00a0<strong>AD FORMANDUMA<\/strong>, kjer posamezniki, mladi in strokovnjaki stalno i\u0161\u010dejo skupne imenovalce med vizijo in tehniko, zgodovino in jezikom, znanjem in inovacijo ter soustvarjajo prihodnost skupnosti.<\/p>\n<p>AD FORMANDUM je socialno podjetje, ki dela z ljudmi za razvoj in rast lokalnega prostora. Prav iz njega \u010drpa mo\u010d in energijo za razvoj druga\u010dnih idej in novih zamisli. V zadnjih letih je podjetje do\u017eivelo veliko sprememb. Razvilo je nove sposobnosti in kompetence ter postalo razpoznavno ime v poklicnem izobra\u017eevalnem sistemu. Tako lahko svoje delo spreminja v POSLANSTVO, ki je vedno bilo zelo jasno: <strong>izobraziti osebe, ki bodo s svojo kompetentnostjo, sposobnostjo in \u010dlove\u010dnostjo vrnili svetu BOLJ\u0160I PROSTOR za bivanje, rast in skupnost<\/strong>[\/vc_column_text][vc_empty_space height=&#8221;30px&#8221;][\/vc_column][vc_column offset=&#8221;vc_col-lg-6 vc_col-md-12 vc_col-xs-12&#8243;][vc_single_image image=&#8221;4550&#8243; img_size=&#8221;full&#8221; css_animation=&#8221;none&#8221;][\/vc_column][\/vc_row][vc_row row_content_width=&#8221;grid&#8221; simple_background_color=&#8221;#f7f7f7&#8243; css=&#8221;.vc_custom_1559912321349{padding-top: 50px !important;padding-bottom: 70px !important;background-position: 0 0 !important;background-repeat: no-repeat !important;}&#8221;][vc_column][vc_row_inner][vc_column_inner width=&#8221;1\/2&#8243; offset=&#8221;vc_col-lg-6 vc_col-md-12 vc_col-xs-12&#8243;][vc_column_text]<\/p>\n<h3>S petimi klju\u010dnimi besedami lahko natan\u010dno predstavimo poklic, <span style=\"color: #ff5a0a;\">izobrazimo<\/span> strokovnjaka, osebo, ki postane <span style=\"color: #ff5a0a;\">vir<\/span> v podjetni\u0161kem svetu:<\/h3>\n<p>[\/vc_column_text][\/vc_column_inner][vc_column_inner width=&#8221;1\/2&#8243;][\/vc_column_inner][\/vc_row_inner][vc_empty_space height=&#8221;50px&#8221;][vc_row_inner][vc_column_inner width=&#8221;1\/3&#8243;]<div class=\"eltdf-iwt clearfix  eltdf-iwt-icon-top eltdf-iwt-icon-large eltdf-iwt-position-text-left\">\n\t<div class=\"eltdf-iwt-icon\">\n\t\t\t\t\t\t\t\t\t    <span class=\"eltdf-icon-shortcode eltdf-normal   eltdf-icon-large\"  data-color=\"#ff5a0a\">\n                    <span aria-hidden=\"true\" class=\"eltdf-icon-font-elegant icon_heart eltdf-icon-element\" style=\"color: #ff5a0a\" ><\/span>            <\/span>\n\t\t\t\t\t\t<\/div>\n\t<div class=\"eltdf-iwt-content\" >\n\t\t\t\t\t<h6 class=\"eltdf-iwt-title\" style=\"color: #0095d5\">\n\t\t\t\t\t\t\t\t<span class=\"eltdf-iwt-title-text\">STRAST<\/span>\n\t\t\t\t\t\t\t<\/h6>\n\t\t\t\t\t\t\t<p class=\"eltdf-iwt-text\" style=\"margin-top: 5px\">pri delu. Brez nje delo danes postane te\u017eko in vsaka sprememba predstavlja oviro. A sprememba je del narave, vsakdanjega razvoja stvari in \u017eivljenjskega ciklusa. Predstavlja edino gotovost na\u0161e realnosti.<\/p>\n\t\t\t<\/div>\n<\/div>[vc_empty_space height=&#8221;10px&#8221;][\/vc_column_inner][vc_column_inner width=&#8221;1\/3&#8243;]<div class=\"eltdf-iwt clearfix  eltdf-iwt-icon-top eltdf-iwt-icon-large eltdf-iwt-position-text-left\">\n\t<div class=\"eltdf-iwt-icon\">\n\t\t\t\t\t\t\t\t\t    <span class=\"eltdf-icon-shortcode eltdf-normal   eltdf-icon-large\"  data-color=\"#ff5a0a\">\n                    <i class=\"eltdf-icon-dripicons dripicon dripicons-contract eltdf-icon-element\" style=\"color: #ff5a0a\" ><\/i>            <\/span>\n\t\t\t\t\t\t<\/div>\n\t<div class=\"eltdf-iwt-content\" >\n\t\t\t\t\t<h6 class=\"eltdf-iwt-title\" style=\"color: #0095d5\">\n\t\t\t\t\t\t\t\t<span class=\"eltdf-iwt-title-text\">PRIPADNOST<\/span>\n\t\t\t\t\t\t\t<\/h6>\n\t\t\t\t\t\t\t<p class=\"eltdf-iwt-text\" style=\"margin-top: 5px\">realnosti pomeni biti del celote, dru\u017eine, kolektiva ali podjetja. Tukaj rastemo, dobimo izku\u0161nje, mo\u010d in navdih, lahko se primerjamo, pogovarjamo, spore\u010demo in pobotamo. Je prostor, kjer lahko uresni\u010dimo svoje \u017eelje in mu pustimo svoj pe\u010dat.<\/p>\n\t\t\t<\/div>\n<\/div>[vc_empty_space height=&#8221;10px&#8221;][\/vc_column_inner][vc_column_inner width=&#8221;1\/3&#8243;]<div class=\"eltdf-iwt clearfix  eltdf-iwt-icon-top eltdf-iwt-icon-large eltdf-iwt-position-text-left\">\n\t<div class=\"eltdf-iwt-icon\">\n\t\t\t\t\t\t\t\t\t    <span class=\"eltdf-icon-shortcode eltdf-normal   eltdf-icon-large\"  data-color=\"#ff5a0a\">\n                    <i class=\"eltdf-icon-font-awesome fa fa-star eltdf-icon-element\" style=\"color: #ff5a0a\" ><\/i>            <\/span>\n\t\t\t\t\t\t<\/div>\n\t<div class=\"eltdf-iwt-content\" >\n\t\t\t\t\t<h6 class=\"eltdf-iwt-title\" style=\"color: #0095d5\">\n\t\t\t\t\t\t\t\t<span class=\"eltdf-iwt-title-text\">ZAVEDANJE<\/span>\n\t\t\t\t\t\t\t<\/h6>\n\t\t\t\t\t\t\t<p class=\"eltdf-iwt-text\" style=\"margin-top: 5px\">je odgovor na vpra\u0161anje, ki ne pride \u010dez no\u010d. Pojavi se, ko ob sodelovanju z razli\u010dnimi osebami v dolo\u010denem prostoru razumemo, kaj smo od soljudi in skupnosti prejeli in kaj smo zanje v tem \u010dasu proizvedli.<\/p>\n\t\t\t<\/div>\n<\/div>[vc_empty_space height=&#8221;10px&#8221;][\/vc_column_inner][\/vc_row_inner][vc_row_inner][vc_column_inner width=&#8221;1\/3&#8243;]<div class=\"eltdf-iwt clearfix  eltdf-iwt-icon-top eltdf-iwt-icon-large eltdf-iwt-position-text-left\">\n\t<div class=\"eltdf-iwt-icon\">\n\t\t\t\t\t\t\t\t\t    <span class=\"eltdf-icon-shortcode eltdf-normal   eltdf-icon-large\"  data-color=\"#ff5a0a\">\n                    <i class=\"eltdf-icon-dripicons dripicon dripicons-flag eltdf-icon-element\" style=\"color: #ff5a0a\" ><\/i>            <\/span>\n\t\t\t\t\t\t<\/div>\n\t<div class=\"eltdf-iwt-content\" >\n\t\t\t\t\t<h6 class=\"eltdf-iwt-title\" style=\"color: #0095d5\">\n\t\t\t\t\t\t\t\t<span class=\"eltdf-iwt-title-text\">ODLO\u010cNOST<\/span>\n\t\t\t\t\t\t\t<\/h6>\n\t\t\t\t\t\t\t<p class=\"eltdf-iwt-text\" style=\"margin-top: 5px\">je stvar vestnosti in izraz volje, ki \u017eeli dose\u010di rezultat tudi takrat, ko je pot te\u017eka, zapletena in vijugasta.<\/p>\n\t\t\t<\/div>\n<\/div>[vc_empty_space height=&#8221;10px&#8221;][\/vc_column_inner][vc_column_inner width=&#8221;1\/3&#8243;]<div class=\"eltdf-iwt clearfix  eltdf-iwt-icon-top eltdf-iwt-icon-large eltdf-iwt-position-text-left\">\n\t<div class=\"eltdf-iwt-icon\">\n\t\t\t\t\t\t\t\t\t    <span class=\"eltdf-icon-shortcode eltdf-normal   eltdf-icon-large\"  data-color=\"#ff5a0a\">\n                    <i class=\"eltdf-icon-dripicons dripicon dripicons-thumbs-up eltdf-icon-element\" style=\"color: #ff5a0a\" ><\/i>            <\/span>\n\t\t\t\t\t\t<\/div>\n\t<div class=\"eltdf-iwt-content\" >\n\t\t\t\t\t<h6 class=\"eltdf-iwt-title\" style=\"color: #0095d5\">\n\t\t\t\t\t\t\t\t<span class=\"eltdf-iwt-title-text\">ZRELOST<\/span>\n\t\t\t\t\t\t\t<\/h6>\n\t\t\t\t\t\t\t<p class=\"eltdf-iwt-text\" style=\"margin-top: 5px\">velikokrat povezujemo z leti, tudi \u010de je \u0161e ni ob klju\u010dnih \u017eivljenjskih dogodkih. Je rezultat znanja, ki izhaja iz izku\u0161enj, ter razmi\u0161ljanja. Izvira iz prou\u010devanja lastnih napak in spremenjenih \u017eivljenjskih navad, kadar jih prilagodimo novim okoli\u0161\u010dinam.<\/p>\n\t\t\t<\/div>\n<\/div>[vc_empty_space height=&#8221;10px&#8221;][\/vc_column_inner][vc_column_inner width=&#8221;1\/3&#8243;][vc_column_text css=&#8221;.vc_custom_1561545369672{padding-top: 30px !important;padding-right: 30px !important;padding-bottom: 30px !important;padding-left: 30px !important;background-color: #ff5a0a !important;}&#8221;]<\/p>\n<p style=\"color: #fff;\">Verjamemo, da je sinteza vseh teh lastnosti tisto, kar izoblikuje strokovnjaka, in da je vsaka sinteza tako edinstvena kot je edinstven vsak posameznik. \u010cloveka izbolj\u0161a prav raznolikost okoli\u0161\u010din, s katerimi se spoprijema, in ga vse bolj bogati ob raziskovanju vsakdana ter ob sprejemanju in vgrajevanju izku\u0161enj, ki jih do\u017eivlja.<\/p>\n<p>[\/vc_column_text][\/vc_column_inner][\/vc_row_inner][\/vc_column][\/vc_row]<\/p>\n","protected":false},"excerpt":{"rendered":"<p>[vc_row row_content_width=&#8221;grid&#8221; css=&#8221;.vc_custom_1554114308292{padding-top: 100px !important;padding-bottom: 100px !important;}&#8221;][vc_column offset=&#8221;vc_col-lg-6 vc_col-md-12 vc_col-xs-12&#8243;][vc_column_text]Evolucija je nekaj naravnega, prilagajanje pa je odziv tistih, ki si znajo predstavljati trajnostno prihodnost, znotraj katere ustvarijo lasten prostor. Knjiga, ki se odpre in nam razkrije svojo vsebino. Nekdo vam jo pribli\u017ea, nekdo jo napi\u0161e. Njen povzetek ka\u017ee na znanje. Je sad dela, izku\u0161enosti in sinteze [&hellip;]<\/p>\n","protected":false},"author":1,"featured_media":0,"parent":0,"menu_order":0,"comment_status":"closed","ping_status":"closed","template":"full-width.php","meta":{"_mi_skip_tracking":false,"_monsterinsights_sitenote_active":false,"_monsterinsights_sitenote_note":"","_monsterinsights_sitenote_category":0,"footnotes":""},"yoast_head":"<!-- This site is optimized with the Yoast SEO plugin v21.5 - https:\/\/yoast.com\/wordpress\/plugins\/seo\/ -->\n<title>O nas - AD Formandum<\/title>\n<meta name=\"robots\" content=\"index, follow, max-snippet:-1, max-image-preview:large, max-video-preview:-1\" \/>\n<link rel=\"canonical\" href=\"https:\/\/www.adformandum.org\/info\/\" \/>\n<meta property=\"og:locale\" content=\"sl_SI\" \/>\n<meta property=\"og:type\" content=\"article\" \/>\n<meta property=\"og:title\" content=\"O nas - AD Formandum\" \/>\n<meta property=\"og:description\" content=\"[vc_row row_content_width=&#8221;grid&#8221; css=&#8221;.vc_custom_1554114308292{padding-top: 100px !important;padding-bottom: 100px !important;}&#8221;][vc_column offset=&#8221;vc_col-lg-6 vc_col-md-12 vc_col-xs-12&#8243;][vc_column_text]Evolucija je nekaj naravnega, prilagajanje pa je odziv tistih, ki si znajo predstavljati trajnostno prihodnost, znotraj katere ustvarijo lasten prostor. Knjiga, ki se odpre in nam razkrije svojo vsebino. Nekdo vam jo pribli\u017ea, nekdo jo napi\u0161e. Njen povzetek ka\u017ee na znanje. Je sad dela, izku\u0161enosti in sinteze [&hellip;]\" \/>\n<meta property=\"og:url\" content=\"https:\/\/www.adformandum.org\/info\/\" \/>\n<meta property=\"og:site_name\" content=\"AD Formandum\" \/>\n<meta property=\"article:publisher\" content=\"https:\/\/www.facebook.com\/adformandum\/\" \/>\n<meta property=\"article:modified_time\" content=\"2019-07-18T07:05:07+00:00\" \/>\n<meta name=\"twitter:card\" content=\"summary_large_image\" \/>\n<meta name=\"twitter:site\" content=\"@AdFormandum\" \/>\n<meta name=\"twitter:label1\" content=\"Est. reading time\" \/>\n\t<meta name=\"twitter:data1\" content=\"4 minute\" \/>\n<script type=\"application\/ld+json\" class=\"yoast-schema-graph\">{\"@context\":\"https:\/\/schema.org\",\"@graph\":[{\"@type\":\"WebPage\",\"@id\":\"https:\/\/www.adformandum.org\/info\/\",\"url\":\"https:\/\/www.adformandum.org\/info\/\",\"name\":\"O nas - AD Formandum\",\"isPartOf\":{\"@id\":\"https:\/\/www.adformandum.org\/#website\"},\"datePublished\":\"2019-03-28T10:51:59+00:00\",\"dateModified\":\"2019-07-18T07:05:07+00:00\",\"breadcrumb\":{\"@id\":\"https:\/\/www.adformandum.org\/info\/#breadcrumb\"},\"inLanguage\":\"sl-SI\",\"potentialAction\":[{\"@type\":\"ReadAction\",\"target\":[\"https:\/\/www.adformandum.org\/info\/\"]}]},{\"@type\":\"BreadcrumbList\",\"@id\":\"https:\/\/www.adformandum.org\/info\/#breadcrumb\",\"itemListElement\":[{\"@type\":\"ListItem\",\"position\":1,\"name\":\"Home\",\"item\":\"https:\/\/www.adformandum.org\/\"},{\"@type\":\"ListItem\",\"position\":2,\"name\":\"Chi siamo\"}]},{\"@type\":\"WebSite\",\"@id\":\"https:\/\/www.adformandum.org\/#website\",\"url\":\"https:\/\/www.adformandum.org\/\",\"name\":\"AD Formandum\",\"description\":\"impresa sociale - socialno podjetje\",\"publisher\":{\"@id\":\"https:\/\/www.adformandum.org\/#organization\"},\"potentialAction\":[{\"@type\":\"SearchAction\",\"target\":{\"@type\":\"EntryPoint\",\"urlTemplate\":\"https:\/\/www.adformandum.org\/?s={search_term_string}\"},\"query-input\":\"required name=search_term_string\"}],\"inLanguage\":\"sl-SI\"},{\"@type\":\"Organization\",\"@id\":\"https:\/\/www.adformandum.org\/#organization\",\"name\":\"AD Formandum\",\"url\":\"https:\/\/www.adformandum.org\/\",\"logo\":{\"@type\":\"ImageObject\",\"inLanguage\":\"sl-SI\",\"@id\":\"https:\/\/www.adformandum.org\/#\/schema\/logo\/image\/\",\"url\":\"https:\/\/www.adformandum.org\/wp-content\/uploads\/2019\/06\/logo-new.png\",\"contentUrl\":\"https:\/\/www.adformandum.org\/wp-content\/uploads\/2019\/06\/logo-new.png\",\"width\":330,\"height\":65,\"caption\":\"AD Formandum\"},\"image\":{\"@id\":\"https:\/\/www.adformandum.org\/#\/schema\/logo\/image\/\"},\"sameAs\":[\"https:\/\/www.facebook.com\/adformandum\/\",\"https:\/\/twitter.com\/AdFormandum\",\"https:\/\/www.linkedin.com\/company\/ad-formandum\"]}]}<\/script>\n<!-- \/ Yoast SEO plugin. -->","yoast_head_json":{"title":"O nas - AD Formandum","robots":{"index":"index","follow":"follow","max-snippet":"max-snippet:-1","max-image-preview":"max-image-preview:large","max-video-preview":"max-video-preview:-1"},"canonical":"https:\/\/www.adformandum.org\/info\/","og_locale":"sl_SI","og_type":"article","og_title":"O nas - AD Formandum","og_description":"[vc_row row_content_width=&#8221;grid&#8221; css=&#8221;.vc_custom_1554114308292{padding-top: 100px !important;padding-bottom: 100px !important;}&#8221;][vc_column offset=&#8221;vc_col-lg-6 vc_col-md-12 vc_col-xs-12&#8243;][vc_column_text]Evolucija je nekaj naravnega, prilagajanje pa je odziv tistih, ki si znajo predstavljati trajnostno prihodnost, znotraj katere ustvarijo lasten prostor. Knjiga, ki se odpre in nam razkrije svojo vsebino. Nekdo vam jo pribli\u017ea, nekdo jo napi\u0161e. Njen povzetek ka\u017ee na znanje. Je sad dela, izku\u0161enosti in sinteze [&hellip;]","og_url":"https:\/\/www.adformandum.org\/info\/","og_site_name":"AD Formandum","article_publisher":"https:\/\/www.facebook.com\/adformandum\/","article_modified_time":"2019-07-18T07:05:07+00:00","twitter_card":"summary_large_image","twitter_site":"@AdFormandum","twitter_misc":{"Est. reading time":"4 minute"},"schema":{"@context":"https:\/\/schema.org","@graph":[{"@type":"WebPage","@id":"https:\/\/www.adformandum.org\/info\/","url":"https:\/\/www.adformandum.org\/info\/","name":"O nas - AD Formandum","isPartOf":{"@id":"https:\/\/www.adformandum.org\/#website"},"datePublished":"2019-03-28T10:51:59+00:00","dateModified":"2019-07-18T07:05:07+00:00","breadcrumb":{"@id":"https:\/\/www.adformandum.org\/info\/#breadcrumb"},"inLanguage":"sl-SI","potentialAction":[{"@type":"ReadAction","target":["https:\/\/www.adformandum.org\/info\/"]}]},{"@type":"BreadcrumbList","@id":"https:\/\/www.adformandum.org\/info\/#breadcrumb","itemListElement":[{"@type":"ListItem","position":1,"name":"Home","item":"https:\/\/www.adformandum.org\/"},{"@type":"ListItem","position":2,"name":"Chi siamo"}]},{"@type":"WebSite","@id":"https:\/\/www.adformandum.org\/#website","url":"https:\/\/www.adformandum.org\/","name":"AD Formandum","description":"impresa sociale - socialno podjetje","publisher":{"@id":"https:\/\/www.adformandum.org\/#organization"},"potentialAction":[{"@type":"SearchAction","target":{"@type":"EntryPoint","urlTemplate":"https:\/\/www.adformandum.org\/?s={search_term_string}"},"query-input":"required name=search_term_string"}],"inLanguage":"sl-SI"},{"@type":"Organization","@id":"https:\/\/www.adformandum.org\/#organization","name":"AD Formandum","url":"https:\/\/www.adformandum.org\/","logo":{"@type":"ImageObject","inLanguage":"sl-SI","@id":"https:\/\/www.adformandum.org\/#\/schema\/logo\/image\/","url":"https:\/\/www.adformandum.org\/wp-content\/uploads\/2019\/06\/logo-new.png","contentUrl":"https:\/\/www.adformandum.org\/wp-content\/uploads\/2019\/06\/logo-new.png","width":330,"height":65,"caption":"AD Formandum"},"image":{"@id":"https:\/\/www.adformandum.org\/#\/schema\/logo\/image\/"},"sameAs":["https:\/\/www.facebook.com\/adformandum\/","https:\/\/twitter.com\/AdFormandum","https:\/\/www.linkedin.com\/company\/ad-formandum"]}]}},"_links":{"self":[{"href":"https:\/\/www.adformandum.org\/si\/wp-json\/wp\/v2\/pages\/4366"}],"collection":[{"href":"https:\/\/www.adformandum.org\/si\/wp-json\/wp\/v2\/pages"}],"about":[{"href":"https:\/\/www.adformandum.org\/si\/wp-json\/wp\/v2\/types\/page"}],"author":[{"embeddable":true,"href":"https:\/\/www.adformandum.org\/si\/wp-json\/wp\/v2\/users\/1"}],"replies":[{"embeddable":true,"href":"https:\/\/www.adformandum.org\/si\/wp-json\/wp\/v2\/comments?post=4366"}],"version-history":[{"count":100,"href":"https:\/\/www.adformandum.org\/si\/wp-json\/wp\/v2\/pages\/4366\/revisions"}],"predecessor-version":[{"id":5144,"href":"https:\/\/www.adformandum.org\/si\/wp-json\/wp\/v2\/pages\/4366\/revisions\/5144"}],"wp:attachment":[{"href":"https:\/\/www.adformandum.org\/si\/wp-json\/wp\/v2\/media?parent=4366"}],"curies":[{"name":"wp","href":"https:\/\/api.w.org\/{rel}","templated":true}]}}