{"id":5016,"date":"2019-06-10T09:47:42","date_gmt":"2019-06-10T07:47:42","guid":{"rendered":"http:\/\/php-5.4.30.vps24.moodem.it\/adf\/?page_id=5016"},"modified":"2021-11-16T09:48:16","modified_gmt":"2021-11-16T08:48:16","slug":"adf-philosophy","status":"publish","type":"page","link":"https:\/\/www.adformandum.org\/si\/info\/adf-philosophy\/","title":{"rendered":"Filozofija"},"content":{"rendered":"<p>[vc_row row_content_width=&#8221;grid&#8221; css=&#8221;.vc_custom_1554711978990{padding-top: 50px !important;padding-bottom: 100px !important;}&#8221;][vc_column offset=&#8221;vc_col-lg-6 vc_col-md-12 vc_col-xs-12&#8243;][vc_column_text]<\/p>\n<h3>Verjamemo v <span style=\"color: #ff5a0a;\">vrednost<\/span> posameznikov. vsak dan delamo za razvoj druga\u010dnih in novih zamisli.<\/h3>\n<p>Na osnovi kompetenc, ki AD FORMANDUM lo\u010dujejo od podobnih podjetij, smo svoje delovanje osredoto\u010dili na dve podro\u010dji:<\/p>\n<h4 style=\"margin-bottom: 0;\">TURIZEM, PRENO\u010cI\u0160\u010cA IN GOSTINSTVO<\/h4>\n<p>ker so vsi trije segmenti povezani s prostorom in ljudmi, ki tukaj \u017eivijo in pripomorejo k ohranjanju svoje tradicije, vrednot in specifi\u010dne kulture. Izobra\u017eevanje na gostinskem podro\u010dju je razlikovalna prednost Ad formanduma. Kuhinja, vino, olje in siri \u2013 tipi\u010dni proizvodi tega prostora \u2013 predstavljajo delo ljudi in resni\u010dno prednost na\u0161e regije.<\/p>\n<h4 style=\"margin-bottom: 0;\">SOCIALNA DEJAVNOST<\/h4>\n<p>ker je segment povezan s potrebami, ki jih izra\u017eajo pripadniki dolo\u010dene skupnosti. Kdor dela na socialnem podro\u010dju, mora z ustrezno pozornostjo skrbeti za ljudi v razli\u010dnih \u017eivljenjskih okoli\u0161\u010dinah: v \u0161oli, v zdravstvu, v \u0161portu, v kulturi, dru\u0161tveni dejavnosti, v javnem sektorju.[\/vc_column_text][vc_empty_space height=&#8221;20px&#8221;][vc_column_text]Verjamemo tudi v\u00a0<strong>ZELENO GOSPODARSTVO\u00a0<\/strong>na podro\u010dju DELA, saj doprinos k trajnostnemu gospodarstvu pomeni raziskovanje in izgradnjo prihodnosti, ki lahko postane resni\u010dna.[\/vc_column_text][\/vc_column][vc_column offset=&#8221;vc_col-lg-6 vc_col-md-12 vc_hidden-md vc_hidden-sm vc_col-xs-12 vc_hidden-xs&#8221;][vc_empty_space height=&#8221;20px&#8221;][vc_single_image image=&#8221;4887&#8243; img_size=&#8221;full&#8221;][\/vc_column][\/vc_row]<\/p>\n","protected":false},"excerpt":{"rendered":"<p>[vc_row row_content_width=&#8221;grid&#8221; css=&#8221;.vc_custom_1554711978990{padding-top: 50px !important;padding-bottom: 100px !important;}&#8221;][vc_column offset=&#8221;vc_col-lg-6 vc_col-md-12 vc_col-xs-12&#8243;][vc_column_text] Verjamemo v vrednost posameznikov. vsak dan delamo za razvoj druga\u010dnih in novih zamisli. Na osnovi kompetenc, ki AD FORMANDUM lo\u010dujejo od podobnih podjetij, smo svoje delovanje osredoto\u010dili na dve podro\u010dji: TURIZEM, PRENO\u010cI\u0160\u010cA IN GOSTINSTVO ker so vsi trije segmenti povezani s prostorom in ljudmi, ki tukaj [&hellip;]<\/p>\n","protected":false},"author":1,"featured_media":0,"parent":4366,"menu_order":0,"comment_status":"closed","ping_status":"closed","template":"full-width.php","meta":{"_mi_skip_tracking":false,"_monsterinsights_sitenote_active":false,"_monsterinsights_sitenote_note":"","_monsterinsights_sitenote_category":0,"footnotes":""},"yoast_head":"<!-- This site is optimized with the Yoast SEO plugin v21.5 - https:\/\/yoast.com\/wordpress\/plugins\/seo\/ -->\n<title>Filozofija - AD Formandum<\/title>\n<meta name=\"robots\" content=\"index, follow, max-snippet:-1, max-image-preview:large, max-video-preview:-1\" \/>\n<link rel=\"canonical\" href=\"https:\/\/www.adformandum.org\/info\/adf-philosophy\/\" \/>\n<meta property=\"og:locale\" content=\"sl_SI\" \/>\n<meta property=\"og:type\" content=\"article\" \/>\n<meta property=\"og:title\" content=\"Filozofija - AD Formandum\" \/>\n<meta property=\"og:description\" content=\"[vc_row row_content_width=&#8221;grid&#8221; css=&#8221;.vc_custom_1554711978990{padding-top: 50px !important;padding-bottom: 100px !important;}&#8221;][vc_column offset=&#8221;vc_col-lg-6 vc_col-md-12 vc_col-xs-12&#8243;][vc_column_text] Verjamemo v vrednost posameznikov. vsak dan delamo za razvoj druga\u010dnih in novih zamisli. Na osnovi kompetenc, ki AD FORMANDUM lo\u010dujejo od podobnih podjetij, smo svoje delovanje osredoto\u010dili na dve podro\u010dji: TURIZEM, PRENO\u010cI\u0160\u010cA IN GOSTINSTVO ker so vsi trije segmenti povezani s prostorom in ljudmi, ki tukaj [&hellip;]\" \/>\n<meta property=\"og:url\" content=\"https:\/\/www.adformandum.org\/info\/adf-philosophy\/\" \/>\n<meta property=\"og:site_name\" content=\"AD Formandum\" \/>\n<meta property=\"article:publisher\" content=\"https:\/\/www.facebook.com\/adformandum\/\" \/>\n<meta property=\"article:modified_time\" content=\"2021-11-16T08:48:16+00:00\" \/>\n<meta name=\"twitter:card\" content=\"summary_large_image\" \/>\n<meta name=\"twitter:site\" content=\"@AdFormandum\" \/>\n<meta name=\"twitter:label1\" content=\"Est. reading time\" \/>\n\t<meta name=\"twitter:data1\" content=\"1 minuta\" \/>\n<script type=\"application\/ld+json\" class=\"yoast-schema-graph\">{\"@context\":\"https:\/\/schema.org\",\"@graph\":[{\"@type\":\"WebPage\",\"@id\":\"https:\/\/www.adformandum.org\/info\/adf-philosophy\/\",\"url\":\"https:\/\/www.adformandum.org\/info\/adf-philosophy\/\",\"name\":\"Filozofija - AD Formandum\",\"isPartOf\":{\"@id\":\"https:\/\/www.adformandum.org\/#website\"},\"datePublished\":\"2019-06-10T07:47:42+00:00\",\"dateModified\":\"2021-11-16T08:48:16+00:00\",\"breadcrumb\":{\"@id\":\"https:\/\/www.adformandum.org\/info\/adf-philosophy\/#breadcrumb\"},\"inLanguage\":\"sl-SI\",\"potentialAction\":[{\"@type\":\"ReadAction\",\"target\":[\"https:\/\/www.adformandum.org\/info\/adf-philosophy\/\"]}]},{\"@type\":\"BreadcrumbList\",\"@id\":\"https:\/\/www.adformandum.org\/info\/adf-philosophy\/#breadcrumb\",\"itemListElement\":[{\"@type\":\"ListItem\",\"position\":1,\"name\":\"Home\",\"item\":\"https:\/\/www.adformandum.org\/\"},{\"@type\":\"ListItem\",\"position\":2,\"name\":\"Chi siamo\",\"item\":\"https:\/\/www.adformandum.org\/info\/\"},{\"@type\":\"ListItem\",\"position\":3,\"name\":\"Filosofia\"}]},{\"@type\":\"WebSite\",\"@id\":\"https:\/\/www.adformandum.org\/#website\",\"url\":\"https:\/\/www.adformandum.org\/\",\"name\":\"AD Formandum\",\"description\":\"impresa sociale - socialno podjetje\",\"publisher\":{\"@id\":\"https:\/\/www.adformandum.org\/#organization\"},\"potentialAction\":[{\"@type\":\"SearchAction\",\"target\":{\"@type\":\"EntryPoint\",\"urlTemplate\":\"https:\/\/www.adformandum.org\/?s={search_term_string}\"},\"query-input\":\"required name=search_term_string\"}],\"inLanguage\":\"sl-SI\"},{\"@type\":\"Organization\",\"@id\":\"https:\/\/www.adformandum.org\/#organization\",\"name\":\"AD Formandum\",\"url\":\"https:\/\/www.adformandum.org\/\",\"logo\":{\"@type\":\"ImageObject\",\"inLanguage\":\"sl-SI\",\"@id\":\"https:\/\/www.adformandum.org\/#\/schema\/logo\/image\/\",\"url\":\"https:\/\/www.adformandum.org\/wp-content\/uploads\/2019\/06\/logo-new.png\",\"contentUrl\":\"https:\/\/www.adformandum.org\/wp-content\/uploads\/2019\/06\/logo-new.png\",\"width\":330,\"height\":65,\"caption\":\"AD Formandum\"},\"image\":{\"@id\":\"https:\/\/www.adformandum.org\/#\/schema\/logo\/image\/\"},\"sameAs\":[\"https:\/\/www.facebook.com\/adformandum\/\",\"https:\/\/twitter.com\/AdFormandum\",\"https:\/\/www.linkedin.com\/company\/ad-formandum\"]}]}<\/script>\n<!-- \/ Yoast SEO plugin. -->","yoast_head_json":{"title":"Filozofija - AD Formandum","robots":{"index":"index","follow":"follow","max-snippet":"max-snippet:-1","max-image-preview":"max-image-preview:large","max-video-preview":"max-video-preview:-1"},"canonical":"https:\/\/www.adformandum.org\/info\/adf-philosophy\/","og_locale":"sl_SI","og_type":"article","og_title":"Filozofija - AD Formandum","og_description":"[vc_row row_content_width=&#8221;grid&#8221; css=&#8221;.vc_custom_1554711978990{padding-top: 50px !important;padding-bottom: 100px !important;}&#8221;][vc_column offset=&#8221;vc_col-lg-6 vc_col-md-12 vc_col-xs-12&#8243;][vc_column_text] Verjamemo v vrednost posameznikov. vsak dan delamo za razvoj druga\u010dnih in novih zamisli. Na osnovi kompetenc, ki AD FORMANDUM lo\u010dujejo od podobnih podjetij, smo svoje delovanje osredoto\u010dili na dve podro\u010dji: TURIZEM, PRENO\u010cI\u0160\u010cA IN GOSTINSTVO ker so vsi trije segmenti povezani s prostorom in ljudmi, ki tukaj [&hellip;]","og_url":"https:\/\/www.adformandum.org\/info\/adf-philosophy\/","og_site_name":"AD Formandum","article_publisher":"https:\/\/www.facebook.com\/adformandum\/","article_modified_time":"2021-11-16T08:48:16+00:00","twitter_card":"summary_large_image","twitter_site":"@AdFormandum","twitter_misc":{"Est. reading time":"1 minuta"},"schema":{"@context":"https:\/\/schema.org","@graph":[{"@type":"WebPage","@id":"https:\/\/www.adformandum.org\/info\/adf-philosophy\/","url":"https:\/\/www.adformandum.org\/info\/adf-philosophy\/","name":"Filozofija - AD Formandum","isPartOf":{"@id":"https:\/\/www.adformandum.org\/#website"},"datePublished":"2019-06-10T07:47:42+00:00","dateModified":"2021-11-16T08:48:16+00:00","breadcrumb":{"@id":"https:\/\/www.adformandum.org\/info\/adf-philosophy\/#breadcrumb"},"inLanguage":"sl-SI","potentialAction":[{"@type":"ReadAction","target":["https:\/\/www.adformandum.org\/info\/adf-philosophy\/"]}]},{"@type":"BreadcrumbList","@id":"https:\/\/www.adformandum.org\/info\/adf-philosophy\/#breadcrumb","itemListElement":[{"@type":"ListItem","position":1,"name":"Home","item":"https:\/\/www.adformandum.org\/"},{"@type":"ListItem","position":2,"name":"Chi siamo","item":"https:\/\/www.adformandum.org\/info\/"},{"@type":"ListItem","position":3,"name":"Filosofia"}]},{"@type":"WebSite","@id":"https:\/\/www.adformandum.org\/#website","url":"https:\/\/www.adformandum.org\/","name":"AD Formandum","description":"impresa sociale - socialno podjetje","publisher":{"@id":"https:\/\/www.adformandum.org\/#organization"},"potentialAction":[{"@type":"SearchAction","target":{"@type":"EntryPoint","urlTemplate":"https:\/\/www.adformandum.org\/?s={search_term_string}"},"query-input":"required name=search_term_string"}],"inLanguage":"sl-SI"},{"@type":"Organization","@id":"https:\/\/www.adformandum.org\/#organization","name":"AD Formandum","url":"https:\/\/www.adformandum.org\/","logo":{"@type":"ImageObject","inLanguage":"sl-SI","@id":"https:\/\/www.adformandum.org\/#\/schema\/logo\/image\/","url":"https:\/\/www.adformandum.org\/wp-content\/uploads\/2019\/06\/logo-new.png","contentUrl":"https:\/\/www.adformandum.org\/wp-content\/uploads\/2019\/06\/logo-new.png","width":330,"height":65,"caption":"AD Formandum"},"image":{"@id":"https:\/\/www.adformandum.org\/#\/schema\/logo\/image\/"},"sameAs":["https:\/\/www.facebook.com\/adformandum\/","https:\/\/twitter.com\/AdFormandum","https:\/\/www.linkedin.com\/company\/ad-formandum"]}]}},"_links":{"self":[{"href":"https:\/\/www.adformandum.org\/si\/wp-json\/wp\/v2\/pages\/5016"}],"collection":[{"href":"https:\/\/www.adformandum.org\/si\/wp-json\/wp\/v2\/pages"}],"about":[{"href":"https:\/\/www.adformandum.org\/si\/wp-json\/wp\/v2\/types\/page"}],"author":[{"embeddable":true,"href":"https:\/\/www.adformandum.org\/si\/wp-json\/wp\/v2\/users\/1"}],"replies":[{"embeddable":true,"href":"https:\/\/www.adformandum.org\/si\/wp-json\/wp\/v2\/comments?post=5016"}],"version-history":[{"count":5,"href":"https:\/\/www.adformandum.org\/si\/wp-json\/wp\/v2\/pages\/5016\/revisions"}],"predecessor-version":[{"id":9022,"href":"https:\/\/www.adformandum.org\/si\/wp-json\/wp\/v2\/pages\/5016\/revisions\/9022"}],"up":[{"embeddable":true,"href":"https:\/\/www.adformandum.org\/si\/wp-json\/wp\/v2\/pages\/4366"}],"wp:attachment":[{"href":"https:\/\/www.adformandum.org\/si\/wp-json\/wp\/v2\/media?parent=5016"}],"curies":[{"name":"wp","href":"https:\/\/api.w.org\/{rel}","templated":true}]}}