{"id":5033,"date":"2019-06-10T10:34:33","date_gmt":"2019-06-10T08:34:33","guid":{"rendered":"http:\/\/php-5.4.30.vps24.moodem.it\/adf\/?page_id=5033"},"modified":"2025-12-02T11:48:05","modified_gmt":"2025-12-02T10:48:05","slug":"adf-certificazioni","status":"publish","type":"page","link":"https:\/\/www.adformandum.org\/si\/info\/adf-certificazioni\/","title":{"rendered":"Certifikati"},"content":{"rendered":"<p>[vc_row row_content_width=&#8221;grid&#8221; css=&#8221;.vc_custom_1560154849660{padding-top: 100px !important;padding-bottom: 30px !important;}&#8221;][vc_column offset=&#8221;vc_col-lg-6 vc_col-md-12 vc_col-xs-12&#8243;][vc_single_image image=&#8221;5267&#8243; img_size=&#8221;full&#8221; onclick=&#8221;custom_link&#8221; img_link_target=&#8221;_blank&#8221; css_animation=&#8221;fadeInDown&#8221; link=&#8221;https:\/\/www.regione.fvg.it&#8221;][vc_column_text]<\/p>\n<h4>DE\u017dELE FURLANIJE \u2013 JULIJSKE<\/h4>\n<p>AD FORMANDUM je akreditiran pri De\u017eeli Furlaniji \u2013 Julijski krajini za izvajanje storitev na podro\u010dju izobra\u017eevanja naslednjih tipologij: izobra\u017eevanje za mlade do 18. leta, stalnega usposabljanja in vse\u017eivljenjskega u\u010denja.[\/vc_column_text][vc_empty_space height=&#8221;20px&#8221;][\/vc_column][vc_column offset=&#8221;vc_col-lg-6 vc_col-md-12 vc_col-xs-12&#8243;][vc_column_text]<\/p>\n<h4>SEZNAM MAKROTIPOLOGIJ IZOBRA\u017dEVANJA<\/h4>\n<p><strong>Makrotipologija A<\/strong> \u2013 Osnovno izobra\u017eevanje<br data-start=\"160\" data-end=\"163\" \/><strong>Makrotipologija AS <\/strong>\u2013 Osnovno izobra\u017eevanje za Podro\u010dje ranljivih skupin (osebe, vklju\u010dene v socialne, socialno-varstvene in socio-izobra\u017eevalne storitve, migranti).<br data-start=\"332\" data-end=\"335\" \/><strong>Makrotipologija C<\/strong> \u2013 Nadaljnje izobra\u017eevanje<br data-start=\"378\" data-end=\"381\" \/><strong>Makrotipologija CS<\/strong> \u2013 Nadaljnje izobra\u017eevanje za ranljive skupine (osebe v izvr\u0161evanju kazenskih sankcij, osebe z invalidnostjo, osebe s te\u017eavami zaradi odvisnosti, osebe, vklju\u010dene v socialne, socialno-varstvene in socio-izobra\u017eevalne storitve, ter migranti).[\/vc_column_text][vc_empty_space height=&#8221;20px&#8221;][\/vc_column][\/vc_row][vc_row row_content_width=&#8221;grid&#8221; css=&#8221;.vc_custom_1553866227920{padding-top: 30px !important;padding-bottom: 30px !important;}&#8221;][vc_column][vc_separator][\/vc_column][\/vc_row][vc_row row_content_width=&#8221;grid&#8221; css=&#8221;.vc_custom_1560154864860{padding-top: 30px !important;padding-bottom: 70px !important;}&#8221;][vc_column offset=&#8221;vc_col-lg-6 vc_col-md-12 vc_col-xs-12&#8243;][vc_single_image image=&#8221;20447&#8243; img_size=&#8221;full&#8221; onclick=&#8221;custom_link&#8221; img_link_target=&#8221;_blank&#8221; css_animation=&#8221;fadeInDown&#8221; link=&#8221;https:\/\/www.rina.org&#8221;][vc_column_text]<\/p>\n<h4>CERTIFIKACIJA DASA UNI EN ISO 9001:2015<\/h4>\n<p>AD FORMANDUM je certificirana pri DASA v skladu z normo UNI EN ISO 9001:2015, ki se nana\u0161a na sisteme vodenja kakovosti. Podro\u010dje uporabe zajema na\u010drtovanje in izvajanje integriranih izobra\u017eevalnih storitev, namenjenih zaposlitveni vklju\u010ditvi udele\u017eencev.[\/vc_column_text][vc_empty_space height=&#8221;20px&#8221;][\/vc_column][vc_column offset=&#8221;vc_col-lg-6 vc_col-md-12 vc_col-xs-12&#8243;][vc_single_image image=&#8221;20446&#8243; img_size=&#8221;full&#8221; onclick=&#8221;custom_link&#8221; img_link_target=&#8221;_blank&#8221; css_animation=&#8221;fadeInDown&#8221; link=&#8221;https:\/\/www.rina.org&#8221;][vc_column_text]<\/p>\n<h4>CERTIFIKACIJA DASA UNI EN ISO 21001:2019<\/h4>\n<p>AD FORMANDUM ima tudi certifikat UNI EN ISO 21001:2019, ki ga prav tako podeljuje DASA in je namenjen organizacijam na podro\u010dju izobra\u017eevanja in usposabljanja. Podro\u010dje uporabe zajema na\u010drtovanje in izvajanje integriranih izobra\u017eevalnih storitev, namenjenih zaposlitveni vklju\u010ditvi udele\u017eencev.[\/vc_column_text][vc_empty_space height=&#8221;20px&#8221;][\/vc_column][\/vc_row]<\/p>\n","protected":false},"excerpt":{"rendered":"<p>[vc_row row_content_width=&#8221;grid&#8221; css=&#8221;.vc_custom_1560154849660{padding-top: 100px !important;padding-bottom: 30px !important;}&#8221;][vc_column offset=&#8221;vc_col-lg-6 vc_col-md-12 vc_col-xs-12&#8243;][vc_single_image image=&#8221;5267&#8243; img_size=&#8221;full&#8221; onclick=&#8221;custom_link&#8221; img_link_target=&#8221;_blank&#8221; css_animation=&#8221;fadeInDown&#8221; link=&#8221;https:\/\/www.regione.fvg.it&#8221;][vc_column_text] DE\u017dELE FURLANIJE \u2013 JULIJSKE AD FORMANDUM je akreditiran pri De\u017eeli Furlaniji \u2013 Julijski krajini za izvajanje storitev na podro\u010dju izobra\u017eevanja naslednjih tipologij: izobra\u017eevanje za mlade do 18. leta, stalnega usposabljanja in vse\u017eivljenjskega u\u010denja.[\/vc_column_text][vc_empty_space height=&#8221;20px&#8221;][\/vc_column][vc_column offset=&#8221;vc_col-lg-6 vc_col-md-12 vc_col-xs-12&#8243;][vc_column_text] SEZNAM MAKROTIPOLOGIJ IZOBRA\u017dEVANJA [&hellip;]<\/p>\n","protected":false},"author":1,"featured_media":0,"parent":4366,"menu_order":0,"comment_status":"closed","ping_status":"closed","template":"full-width.php","meta":{"_mi_skip_tracking":false,"_monsterinsights_sitenote_active":false,"_monsterinsights_sitenote_note":"","_monsterinsights_sitenote_category":0,"footnotes":""},"yoast_head":"<!-- This site is optimized with the Yoast SEO plugin v21.5 - https:\/\/yoast.com\/wordpress\/plugins\/seo\/ -->\n<title>Certifikati - AD Formandum<\/title>\n<meta name=\"robots\" content=\"index, follow, max-snippet:-1, max-image-preview:large, max-video-preview:-1\" \/>\n<link rel=\"canonical\" href=\"https:\/\/www.adformandum.org\/info\/adf-certificazioni\/\" \/>\n<meta property=\"og:locale\" content=\"sl_SI\" \/>\n<meta property=\"og:type\" content=\"article\" \/>\n<meta property=\"og:title\" content=\"Certifikati - AD Formandum\" \/>\n<meta property=\"og:description\" content=\"[vc_row row_content_width=&#8221;grid&#8221; css=&#8221;.vc_custom_1560154849660{padding-top: 100px !important;padding-bottom: 30px !important;}&#8221;][vc_column offset=&#8221;vc_col-lg-6 vc_col-md-12 vc_col-xs-12&#8243;][vc_single_image image=&#8221;5267&#8243; img_size=&#8221;full&#8221; onclick=&#8221;custom_link&#8221; img_link_target=&#8221;_blank&#8221; css_animation=&#8221;fadeInDown&#8221; link=&#8221;https:\/\/www.regione.fvg.it&#8221;][vc_column_text] DE\u017dELE FURLANIJE \u2013 JULIJSKE AD FORMANDUM je akreditiran pri De\u017eeli Furlaniji \u2013 Julijski krajini za izvajanje storitev na podro\u010dju izobra\u017eevanja naslednjih tipologij: izobra\u017eevanje za mlade do 18. leta, stalnega usposabljanja in vse\u017eivljenjskega u\u010denja.[\/vc_column_text][vc_empty_space height=&#8221;20px&#8221;][\/vc_column][vc_column offset=&#8221;vc_col-lg-6 vc_col-md-12 vc_col-xs-12&#8243;][vc_column_text] SEZNAM MAKROTIPOLOGIJ IZOBRA\u017dEVANJA [&hellip;]\" \/>\n<meta property=\"og:url\" content=\"https:\/\/www.adformandum.org\/info\/adf-certificazioni\/\" \/>\n<meta property=\"og:site_name\" content=\"AD Formandum\" \/>\n<meta property=\"article:publisher\" content=\"https:\/\/www.facebook.com\/adformandum\/\" \/>\n<meta property=\"article:modified_time\" content=\"2025-12-02T10:48:05+00:00\" \/>\n<meta name=\"twitter:card\" content=\"summary_large_image\" \/>\n<meta name=\"twitter:site\" content=\"@AdFormandum\" \/>\n<meta name=\"twitter:label1\" content=\"Est. reading time\" \/>\n\t<meta name=\"twitter:data1\" content=\"2 minuti\" \/>\n<script type=\"application\/ld+json\" class=\"yoast-schema-graph\">{\"@context\":\"https:\/\/schema.org\",\"@graph\":[{\"@type\":\"WebPage\",\"@id\":\"https:\/\/www.adformandum.org\/info\/adf-certificazioni\/\",\"url\":\"https:\/\/www.adformandum.org\/info\/adf-certificazioni\/\",\"name\":\"Certifikati - AD Formandum\",\"isPartOf\":{\"@id\":\"https:\/\/www.adformandum.org\/#website\"},\"datePublished\":\"2019-06-10T08:34:33+00:00\",\"dateModified\":\"2025-12-02T10:48:05+00:00\",\"breadcrumb\":{\"@id\":\"https:\/\/www.adformandum.org\/info\/adf-certificazioni\/#breadcrumb\"},\"inLanguage\":\"sl-SI\",\"potentialAction\":[{\"@type\":\"ReadAction\",\"target\":[\"https:\/\/www.adformandum.org\/info\/adf-certificazioni\/\"]}]},{\"@type\":\"BreadcrumbList\",\"@id\":\"https:\/\/www.adformandum.org\/info\/adf-certificazioni\/#breadcrumb\",\"itemListElement\":[{\"@type\":\"ListItem\",\"position\":1,\"name\":\"Home\",\"item\":\"https:\/\/www.adformandum.org\/\"},{\"@type\":\"ListItem\",\"position\":2,\"name\":\"Chi siamo\",\"item\":\"https:\/\/www.adformandum.org\/info\/\"},{\"@type\":\"ListItem\",\"position\":3,\"name\":\"Certificazioni\"}]},{\"@type\":\"WebSite\",\"@id\":\"https:\/\/www.adformandum.org\/#website\",\"url\":\"https:\/\/www.adformandum.org\/\",\"name\":\"AD Formandum\",\"description\":\"impresa sociale - socialno podjetje\",\"publisher\":{\"@id\":\"https:\/\/www.adformandum.org\/#organization\"},\"potentialAction\":[{\"@type\":\"SearchAction\",\"target\":{\"@type\":\"EntryPoint\",\"urlTemplate\":\"https:\/\/www.adformandum.org\/?s={search_term_string}\"},\"query-input\":\"required name=search_term_string\"}],\"inLanguage\":\"sl-SI\"},{\"@type\":\"Organization\",\"@id\":\"https:\/\/www.adformandum.org\/#organization\",\"name\":\"AD Formandum\",\"url\":\"https:\/\/www.adformandum.org\/\",\"logo\":{\"@type\":\"ImageObject\",\"inLanguage\":\"sl-SI\",\"@id\":\"https:\/\/www.adformandum.org\/#\/schema\/logo\/image\/\",\"url\":\"https:\/\/www.adformandum.org\/wp-content\/uploads\/2019\/06\/logo-new.png\",\"contentUrl\":\"https:\/\/www.adformandum.org\/wp-content\/uploads\/2019\/06\/logo-new.png\",\"width\":330,\"height\":65,\"caption\":\"AD Formandum\"},\"image\":{\"@id\":\"https:\/\/www.adformandum.org\/#\/schema\/logo\/image\/\"},\"sameAs\":[\"https:\/\/www.facebook.com\/adformandum\/\",\"https:\/\/twitter.com\/AdFormandum\",\"https:\/\/www.linkedin.com\/company\/ad-formandum\"]}]}<\/script>\n<!-- \/ Yoast SEO plugin. -->","yoast_head_json":{"title":"Certifikati - AD Formandum","robots":{"index":"index","follow":"follow","max-snippet":"max-snippet:-1","max-image-preview":"max-image-preview:large","max-video-preview":"max-video-preview:-1"},"canonical":"https:\/\/www.adformandum.org\/info\/adf-certificazioni\/","og_locale":"sl_SI","og_type":"article","og_title":"Certifikati - AD Formandum","og_description":"[vc_row row_content_width=&#8221;grid&#8221; css=&#8221;.vc_custom_1560154849660{padding-top: 100px !important;padding-bottom: 30px !important;}&#8221;][vc_column offset=&#8221;vc_col-lg-6 vc_col-md-12 vc_col-xs-12&#8243;][vc_single_image image=&#8221;5267&#8243; img_size=&#8221;full&#8221; onclick=&#8221;custom_link&#8221; img_link_target=&#8221;_blank&#8221; css_animation=&#8221;fadeInDown&#8221; link=&#8221;https:\/\/www.regione.fvg.it&#8221;][vc_column_text] DE\u017dELE FURLANIJE \u2013 JULIJSKE AD FORMANDUM je akreditiran pri De\u017eeli Furlaniji \u2013 Julijski krajini za izvajanje storitev na podro\u010dju izobra\u017eevanja naslednjih tipologij: izobra\u017eevanje za mlade do 18. leta, stalnega usposabljanja in vse\u017eivljenjskega u\u010denja.[\/vc_column_text][vc_empty_space height=&#8221;20px&#8221;][\/vc_column][vc_column offset=&#8221;vc_col-lg-6 vc_col-md-12 vc_col-xs-12&#8243;][vc_column_text] SEZNAM MAKROTIPOLOGIJ IZOBRA\u017dEVANJA [&hellip;]","og_url":"https:\/\/www.adformandum.org\/info\/adf-certificazioni\/","og_site_name":"AD Formandum","article_publisher":"https:\/\/www.facebook.com\/adformandum\/","article_modified_time":"2025-12-02T10:48:05+00:00","twitter_card":"summary_large_image","twitter_site":"@AdFormandum","twitter_misc":{"Est. reading time":"2 minuti"},"schema":{"@context":"https:\/\/schema.org","@graph":[{"@type":"WebPage","@id":"https:\/\/www.adformandum.org\/info\/adf-certificazioni\/","url":"https:\/\/www.adformandum.org\/info\/adf-certificazioni\/","name":"Certifikati - AD Formandum","isPartOf":{"@id":"https:\/\/www.adformandum.org\/#website"},"datePublished":"2019-06-10T08:34:33+00:00","dateModified":"2025-12-02T10:48:05+00:00","breadcrumb":{"@id":"https:\/\/www.adformandum.org\/info\/adf-certificazioni\/#breadcrumb"},"inLanguage":"sl-SI","potentialAction":[{"@type":"ReadAction","target":["https:\/\/www.adformandum.org\/info\/adf-certificazioni\/"]}]},{"@type":"BreadcrumbList","@id":"https:\/\/www.adformandum.org\/info\/adf-certificazioni\/#breadcrumb","itemListElement":[{"@type":"ListItem","position":1,"name":"Home","item":"https:\/\/www.adformandum.org\/"},{"@type":"ListItem","position":2,"name":"Chi siamo","item":"https:\/\/www.adformandum.org\/info\/"},{"@type":"ListItem","position":3,"name":"Certificazioni"}]},{"@type":"WebSite","@id":"https:\/\/www.adformandum.org\/#website","url":"https:\/\/www.adformandum.org\/","name":"AD Formandum","description":"impresa sociale - socialno podjetje","publisher":{"@id":"https:\/\/www.adformandum.org\/#organization"},"potentialAction":[{"@type":"SearchAction","target":{"@type":"EntryPoint","urlTemplate":"https:\/\/www.adformandum.org\/?s={search_term_string}"},"query-input":"required name=search_term_string"}],"inLanguage":"sl-SI"},{"@type":"Organization","@id":"https:\/\/www.adformandum.org\/#organization","name":"AD Formandum","url":"https:\/\/www.adformandum.org\/","logo":{"@type":"ImageObject","inLanguage":"sl-SI","@id":"https:\/\/www.adformandum.org\/#\/schema\/logo\/image\/","url":"https:\/\/www.adformandum.org\/wp-content\/uploads\/2019\/06\/logo-new.png","contentUrl":"https:\/\/www.adformandum.org\/wp-content\/uploads\/2019\/06\/logo-new.png","width":330,"height":65,"caption":"AD Formandum"},"image":{"@id":"https:\/\/www.adformandum.org\/#\/schema\/logo\/image\/"},"sameAs":["https:\/\/www.facebook.com\/adformandum\/","https:\/\/twitter.com\/AdFormandum","https:\/\/www.linkedin.com\/company\/ad-formandum"]}]}},"_links":{"self":[{"href":"https:\/\/www.adformandum.org\/si\/wp-json\/wp\/v2\/pages\/5033"}],"collection":[{"href":"https:\/\/www.adformandum.org\/si\/wp-json\/wp\/v2\/pages"}],"about":[{"href":"https:\/\/www.adformandum.org\/si\/wp-json\/wp\/v2\/types\/page"}],"author":[{"embeddable":true,"href":"https:\/\/www.adformandum.org\/si\/wp-json\/wp\/v2\/users\/1"}],"replies":[{"embeddable":true,"href":"https:\/\/www.adformandum.org\/si\/wp-json\/wp\/v2\/comments?post=5033"}],"version-history":[{"count":17,"href":"https:\/\/www.adformandum.org\/si\/wp-json\/wp\/v2\/pages\/5033\/revisions"}],"predecessor-version":[{"id":20457,"href":"https:\/\/www.adformandum.org\/si\/wp-json\/wp\/v2\/pages\/5033\/revisions\/20457"}],"up":[{"embeddable":true,"href":"https:\/\/www.adformandum.org\/si\/wp-json\/wp\/v2\/pages\/4366"}],"wp:attachment":[{"href":"https:\/\/www.adformandum.org\/si\/wp-json\/wp\/v2\/media?parent=5033"}],"curies":[{"name":"wp","href":"https:\/\/api.w.org\/{rel}","templated":true}]}}