{"id":5114,"date":"2019-06-24T15:17:12","date_gmt":"2019-06-24T13:17:12","guid":{"rendered":"http:\/\/php-5.4.30.vps24.moodem.it\/adf\/?page_id=5114"},"modified":"2019-09-18T09:32:02","modified_gmt":"2019-09-18T07:32:02","slug":"pipol-opportunita-per-crescere","status":"publish","type":"page","link":"https:\/\/www.adformandum.org\/si\/pipol-opportunita-per-crescere\/","title":{"rendered":"Projekt PIPOL"},"content":{"rendered":"<p>[vc_row row_content_width=&#8221;grid&#8221; content_text_aligment=&#8221;center&#8221; simple_background_color=&#8221;#f7f7f7&#8243; css=&#8221;.vc_custom_1554289506369{margin-bottom: 50px !important;}&#8221;][vc_column offset=&#8221;vc_hidden-md vc_hidden-sm vc_hidden-xs&#8221;][vc_row_inner css=&#8221;.vc_custom_1554723760451{padding-top: 50px !important;padding-bottom: 50px !important;}&#8221; el_id=&#8221;box-numeri&#8221;][vc_column_inner width=&#8221;1\/4&#8243; css=&#8221;.vc_custom_1552908763509{padding-right: 10% !important;padding-bottom: 20px !important;padding-left: 10% !important;}&#8221;]<a itemprop=\"url\" href=\"#\" target=\"_self\" style=\"color: #ffffff;background-color: #ff5a00;font-size: 50px;font-weight: 700;padding: 10px 35px 10px 35px\" class=\"eltdf-btn eltdf-btn-large eltdf-btn-solid eltdf-btn-custom-hover-bg eltdf-btn-custom-hover-color\" data-hover-color=\"#ffffff\" data-hover-bg-color=\"#ff5a00\" >\n    <span class=\"eltdf-btn-text\">1<\/span>\n    <\/a>[vc_column_text]<\/p>\n<h5 style=\"text-align: center; color: #04344f; font-weight: 400;\">POZITIVNE IZKU\u0160NJE<\/h5>\n<p>[\/vc_column_text][\/vc_column_inner][vc_column_inner width=&#8221;1\/4&#8243; css=&#8221;.vc_custom_1552908768508{padding-right: 10% !important;padding-bottom: 20px !important;padding-left: 10% !important;}&#8221;]<a itemprop=\"url\" href=\"#\" target=\"_self\" style=\"color: #ffffff;background-color: #ff5a00;font-size: 50px;font-weight: 700;padding: 10px 30px 10px 30px\" class=\"eltdf-btn eltdf-btn-large eltdf-btn-solid eltdf-btn-custom-hover-bg eltdf-btn-custom-hover-color\" data-hover-color=\"#ffffff\" data-hover-bg-color=\"#e53113\" >\n    <span class=\"eltdf-btn-text\">2<\/span>\n    <\/a>[vc_column_text]<\/p>\n<h5 style=\"text-align: center; color: #04344f; font-weight: 400;\">OSEBNA RAST<\/h5>\n<p>[\/vc_column_text][\/vc_column_inner][vc_column_inner width=&#8221;1\/4&#8243; css=&#8221;.vc_custom_1552908773540{padding-right: 10% !important;padding-bottom: 20px !important;padding-left: 10% !important;}&#8221;]<a itemprop=\"url\" href=\"#\" target=\"_self\" style=\"color: #ffffff;background-color: #ff5a00;font-size: 50px;font-weight: 700;padding: 10px 30px 10px 30px\" class=\"eltdf-btn eltdf-btn-large eltdf-btn-solid eltdf-btn-custom-hover-bg eltdf-btn-custom-hover-color\" data-hover-color=\"#ffffff\" data-hover-bg-color=\"#ff5a00\" >\n    <span class=\"eltdf-btn-text\">3<\/span>\n    <\/a>[vc_column_text]<\/p>\n<h5 style=\"text-align: center; color: #04344f; font-weight: 400;\">KOMPETENCE IN STROKOVNI PRISTOP<\/h5>\n<p>[\/vc_column_text][\/vc_column_inner][vc_column_inner width=&#8221;1\/4&#8243; css=&#8221;.vc_custom_1552908779491{padding-right: 10% !important;padding-bottom: 20px !important;padding-left: 10% !important;}&#8221;]<a itemprop=\"url\" href=\"#\" target=\"_self\" style=\"color: #ffffff;background-color: #ff5a00;font-size: 50px;font-weight: 700;padding: 10px 30px 10px 30px\" class=\"eltdf-btn eltdf-btn-large eltdf-btn-solid eltdf-btn-custom-hover-bg eltdf-btn-custom-hover-color\" data-hover-color=\"#ffffff\" data-hover-bg-color=\"#e53113\" >\n    <span class=\"eltdf-btn-text\">4<\/span>\n    <\/a>[vc_column_text]<\/p>\n<h5 style=\"text-align: center; color: #04344f; font-weight: 400;\">PRILO\u017dNOST ZA RAZVOJ<\/h5>\n<p>[\/vc_column_text][\/vc_column_inner][\/vc_row_inner][\/vc_column][\/vc_row][vc_row el_id=&#8221;background-resize&#8221; simple_background_color=&#8221;#f7f7f7&#8243;][vc_column][vc_row_inner row_content_width=&#8221;grid&#8221; disable_background_image=&#8221;1024&#8243; simple_background_image=&#8221;5288&#8243; background_image_position=&#8221;right bottom&#8221; css=&#8221;.vc_custom_1562063331974{padding-top: 80px !important;padding-bottom: 80px !important;}&#8221;][vc_column_inner offset=&#8221;vc_col-lg-6 vc_col-md-12 vc_col-xs-12&#8243;][vc_column_text]<\/p>\n<h3><span style=\"color: #ff5a00;\">PIPOL: <\/span>za tvoje izobra\u017eevanje in slu\u017ebo<\/h3>\n<p>Izobra\u017eevanje je brezpla\u010dno, te\u010daji in vsebine pa so dore\u010dene na podlagi usmerjanja, za katerega skrbi Agencija za delo. Mo\u017enost je ve\u010d:<\/p>\n<ul>\n<li>Kraj\u0161i te\u010daji z delovno prakso;<\/li>\n<li>Dalj\u0161i te\u010daji do 400 ur z ali brez prakse;<\/li>\n<li>Posebni individualni programi pred vklju\u010ditev v slu\u017ebo (40 ur);<\/li>\n<li>Delovna praksa (od 3. do 6. mesecev).<\/li>\n<\/ul>\n<p><strong>Te\u010daje iz programa PIPOL prirejamo v italijanskem jeziku. Poglej italijansko razli\u010dico spletne strani za dodatne informacije.<\/strong>[\/vc_column_text][\/vc_column_inner][vc_column_inner offset=&#8221;vc_col-lg-6 vc_col-md-12 vc_col-xs-12&#8243;][vc_column_text][\/vc_column_text][\/vc_column_inner][\/vc_row_inner][\/vc_column][\/vc_row][vc_row row_content_width=&#8221;grid&#8221; css=&#8221;.vc_custom_1561976487221{padding-top: 150px !important;padding-right: 8% !important;padding-bottom: 150px !important;padding-left: 8% !important;}&#8221; parallax_background_image=&#8221;5233&#8243;][vc_column]<div class=\"eltdf-elements-holder   eltdf-two-columns  eltdf-responsive-mode-1024   \" ><div class=\"eltdf-eh-item     \" style=\"background-color: #ff5a00\" data-item-class=\"eltdf-eh-custom-4580\" data-1367-1600=\"24% 12% 27.4% 20%\" data-1025-1366=\"20% 60px 25% 50px\" data-769-1024=\"25px 70px 25px 75px\" data-681-768=\"25px 70px 25px 75px\" data-680=\"30px 11px 30px 22px\">\n\t<div class=\"eltdf-eh-item-inner\">\n\t\t<div class=\"eltdf-eh-item-content eltdf-eh-custom-4580\" style=\"padding: 24% 24% 27.4% 12%\">\n\t\t\t[vc_column_text]<\/p>\n<h2><span style=\"color: #ffffff;\">Pozanimaj se in prijavi se tudi ti!<br \/>\n<\/span><\/h2>\n<p>[\/vc_column_text]\t\t<\/div>\n\t<\/div>\n<\/div><div class=\"eltdf-eh-item     \" style=\"background-color: #ffffff\" data-item-class=\"eltdf-eh-custom-2487\" data-1025-1366=\"2px 30px 0\" data-769-1024=\"25px 70px 25px 75px\" data-681-768=\"25px 70px 25px 75px\" data-680=\"30px 20px 30px 20px\">\n\t<div class=\"eltdf-eh-item-inner\">\n\t\t<div class=\"eltdf-eh-item-content eltdf-eh-custom-2487\" style=\"padding: 5px 40px 0 45px\">\n\t\t\t<a itemprop=\"url\" href=\"\/catalogo-corsi\/\" target=\"_self\"  class=\"eltdf-btn eltdf-btn-medium eltdf-btn-simple eltdf-btn-icon eltdf-btn-arrow\"  >\n    <span class=\"eltdf-btn-text\">TE\u010cAJI PIPOL<\/span>\n    <span aria-hidden=\"true\" class=\"eltdf-icon-linear-icons lnr lnr-arrow-right \" ><\/span><\/a>[vc_empty_space height=&#8221;10px&#8221;]<a itemprop=\"url\" href=\"http:\/\/www.regione.fvg.it\/rafvg\/cms\/RAFVG\/formazione-lavoro\/lavoro\/FOGLIA135\/\" target=\"_blank\"  class=\"eltdf-btn eltdf-btn-medium eltdf-btn-simple eltdf-btn-icon eltdf-btn-arrow\"  >\n    <span class=\"eltdf-btn-text\">PIPOL FVG<\/span>\n    <span aria-hidden=\"true\" class=\"eltdf-icon-linear-icons lnr lnr-arrow-right \" ><\/span><\/a>[vc_empty_space height=&#8221;10px&#8221;]<a itemprop=\"url\" href=\"http:\/\/www.giovanifvg.it\/contenuti.php?area=Garanzia%20giovani\" target=\"_blank\"  class=\"eltdf-btn eltdf-btn-medium eltdf-btn-simple eltdf-btn-icon eltdf-btn-arrow\"  >\n    <span class=\"eltdf-btn-text\">Giovani FVG<\/span>\n    <span aria-hidden=\"true\" class=\"eltdf-icon-linear-icons lnr lnr-arrow-right \" ><\/span><\/a>[vc_empty_space height=&#8221;10px&#8221;]<a itemprop=\"url\" href=\"http:\/\/www.garanziagiovani.gov.it\/Pagine\/default.aspx\" target=\"_blank\"  class=\"eltdf-btn eltdf-btn-medium eltdf-btn-simple eltdf-btn-icon eltdf-btn-arrow\"  >\n    <span class=\"eltdf-btn-text\">Garanzia Giovani<\/span>\n    <span aria-hidden=\"true\" class=\"eltdf-icon-linear-icons lnr lnr-arrow-right \" ><\/span><\/a>\t\t<\/div>\n\t<\/div>\n<\/div><\/div>[\/vc_column][\/vc_row]<\/p>\n","protected":false},"excerpt":{"rendered":"<p>[vc_row row_content_width=&#8221;grid&#8221; content_text_aligment=&#8221;center&#8221; simple_background_color=&#8221;#f7f7f7&#8243; css=&#8221;.vc_custom_1554289506369{margin-bottom: 50px !important;}&#8221;][vc_column offset=&#8221;vc_hidden-md vc_hidden-sm vc_hidden-xs&#8221;][vc_row_inner css=&#8221;.vc_custom_1554723760451{padding-top: 50px !important;padding-bottom: 50px !important;}&#8221; el_id=&#8221;box-numeri&#8221;][vc_column_inner width=&#8221;1\/4&#8243; css=&#8221;.vc_custom_1552908763509{padding-right: 10% !important;padding-bottom: 20px !important;padding-left: 10% !important;}&#8221;][vc_column_text] POZITIVNE IZKU\u0160NJE [\/vc_column_text][\/vc_column_inner][vc_column_inner width=&#8221;1\/4&#8243; css=&#8221;.vc_custom_1552908768508{padding-right: 10% !important;padding-bottom: 20px !important;padding-left: 10% !important;}&#8221;][vc_column_text] OSEBNA RAST [\/vc_column_text][\/vc_column_inner][vc_column_inner width=&#8221;1\/4&#8243; css=&#8221;.vc_custom_1552908773540{padding-right: 10% !important;padding-bottom: 20px !important;padding-left: 10% !important;}&#8221;][vc_column_text] KOMPETENCE IN STROKOVNI PRISTOP [\/vc_column_text][\/vc_column_inner][vc_column_inner width=&#8221;1\/4&#8243; css=&#8221;.vc_custom_1552908779491{padding-right: 10% !important;padding-bottom: 20px [&hellip;]<\/p>\n","protected":false},"author":1,"featured_media":0,"parent":0,"menu_order":0,"comment_status":"closed","ping_status":"closed","template":"full-width.php","meta":{"_mi_skip_tracking":false,"_monsterinsights_sitenote_active":false,"_monsterinsights_sitenote_note":"","_monsterinsights_sitenote_category":0,"footnotes":""},"yoast_head":"<!-- This site is optimized with the Yoast SEO plugin v21.5 - https:\/\/yoast.com\/wordpress\/plugins\/seo\/ -->\n<title>Corsi PIPOL FVG - AD Formandum<\/title>\n<meta name=\"description\" content=\"I corsi PIPOL FVG - Piano Integrato di Politiche per l&#039;Occupazione e per il Lavoro. AD Formandum presenta i servizi di orientamento, formazione gratuita e accompagnamento al lavoro per giovani e adulti inoccupati.\" \/>\n<meta name=\"robots\" content=\"index, follow, max-snippet:-1, max-image-preview:large, max-video-preview:-1\" \/>\n<link rel=\"canonical\" href=\"https:\/\/www.adformandum.org\/pipol-opportunita-per-crescere\/\" \/>\n<meta property=\"og:locale\" content=\"sl_SI\" \/>\n<meta property=\"og:type\" content=\"article\" \/>\n<meta property=\"og:title\" content=\"Corsi PIPOL FVG - AD Formandum\" \/>\n<meta property=\"og:description\" content=\"I corsi PIPOL FVG - Piano Integrato di Politiche per l&#039;Occupazione e per il Lavoro. AD Formandum presenta i servizi di orientamento, formazione gratuita e accompagnamento al lavoro per giovani e adulti inoccupati.\" \/>\n<meta property=\"og:url\" content=\"https:\/\/www.adformandum.org\/pipol-opportunita-per-crescere\/\" \/>\n<meta property=\"og:site_name\" content=\"AD Formandum\" \/>\n<meta property=\"article:publisher\" content=\"https:\/\/www.facebook.com\/adformandum\/\" \/>\n<meta property=\"article:modified_time\" content=\"2019-09-18T07:32:02+00:00\" \/>\n<meta name=\"twitter:card\" content=\"summary_large_image\" \/>\n<meta name=\"twitter:site\" content=\"@AdFormandum\" \/>\n<meta name=\"twitter:label1\" content=\"Est. reading time\" \/>\n\t<meta name=\"twitter:data1\" content=\"4 minute\" \/>\n<script type=\"application\/ld+json\" class=\"yoast-schema-graph\">{\"@context\":\"https:\/\/schema.org\",\"@graph\":[{\"@type\":\"WebPage\",\"@id\":\"https:\/\/www.adformandum.org\/pipol-opportunita-per-crescere\/\",\"url\":\"https:\/\/www.adformandum.org\/pipol-opportunita-per-crescere\/\",\"name\":\"Corsi PIPOL FVG - AD Formandum\",\"isPartOf\":{\"@id\":\"https:\/\/www.adformandum.org\/#website\"},\"datePublished\":\"2019-06-24T13:17:12+00:00\",\"dateModified\":\"2019-09-18T07:32:02+00:00\",\"description\":\"I corsi PIPOL FVG - Piano Integrato di Politiche per l'Occupazione e per il Lavoro. AD Formandum presenta i servizi di orientamento, formazione gratuita e accompagnamento al lavoro per giovani e adulti inoccupati.\",\"breadcrumb\":{\"@id\":\"https:\/\/www.adformandum.org\/pipol-opportunita-per-crescere\/#breadcrumb\"},\"inLanguage\":\"sl-SI\",\"potentialAction\":[{\"@type\":\"ReadAction\",\"target\":[\"https:\/\/www.adformandum.org\/pipol-opportunita-per-crescere\/\"]}]},{\"@type\":\"BreadcrumbList\",\"@id\":\"https:\/\/www.adformandum.org\/pipol-opportunita-per-crescere\/#breadcrumb\",\"itemListElement\":[{\"@type\":\"ListItem\",\"position\":1,\"name\":\"Home\",\"item\":\"https:\/\/www.adformandum.org\/\"},{\"@type\":\"ListItem\",\"position\":2,\"name\":\"PIPOL\"}]},{\"@type\":\"WebSite\",\"@id\":\"https:\/\/www.adformandum.org\/#website\",\"url\":\"https:\/\/www.adformandum.org\/\",\"name\":\"AD Formandum\",\"description\":\"impresa sociale - socialno podjetje\",\"publisher\":{\"@id\":\"https:\/\/www.adformandum.org\/#organization\"},\"potentialAction\":[{\"@type\":\"SearchAction\",\"target\":{\"@type\":\"EntryPoint\",\"urlTemplate\":\"https:\/\/www.adformandum.org\/?s={search_term_string}\"},\"query-input\":\"required name=search_term_string\"}],\"inLanguage\":\"sl-SI\"},{\"@type\":\"Organization\",\"@id\":\"https:\/\/www.adformandum.org\/#organization\",\"name\":\"AD Formandum\",\"url\":\"https:\/\/www.adformandum.org\/\",\"logo\":{\"@type\":\"ImageObject\",\"inLanguage\":\"sl-SI\",\"@id\":\"https:\/\/www.adformandum.org\/#\/schema\/logo\/image\/\",\"url\":\"https:\/\/www.adformandum.org\/wp-content\/uploads\/2019\/06\/logo-new.png\",\"contentUrl\":\"https:\/\/www.adformandum.org\/wp-content\/uploads\/2019\/06\/logo-new.png\",\"width\":330,\"height\":65,\"caption\":\"AD Formandum\"},\"image\":{\"@id\":\"https:\/\/www.adformandum.org\/#\/schema\/logo\/image\/\"},\"sameAs\":[\"https:\/\/www.facebook.com\/adformandum\/\",\"https:\/\/twitter.com\/AdFormandum\",\"https:\/\/www.linkedin.com\/company\/ad-formandum\"]}]}<\/script>\n<!-- \/ Yoast SEO plugin. -->","yoast_head_json":{"title":"Corsi PIPOL FVG - AD Formandum","description":"I corsi PIPOL FVG - Piano Integrato di Politiche per l'Occupazione e per il Lavoro. AD Formandum presenta i servizi di orientamento, formazione gratuita e accompagnamento al lavoro per giovani e adulti inoccupati.","robots":{"index":"index","follow":"follow","max-snippet":"max-snippet:-1","max-image-preview":"max-image-preview:large","max-video-preview":"max-video-preview:-1"},"canonical":"https:\/\/www.adformandum.org\/pipol-opportunita-per-crescere\/","og_locale":"sl_SI","og_type":"article","og_title":"Corsi PIPOL FVG - AD Formandum","og_description":"I corsi PIPOL FVG - Piano Integrato di Politiche per l'Occupazione e per il Lavoro. AD Formandum presenta i servizi di orientamento, formazione gratuita e accompagnamento al lavoro per giovani e adulti inoccupati.","og_url":"https:\/\/www.adformandum.org\/pipol-opportunita-per-crescere\/","og_site_name":"AD Formandum","article_publisher":"https:\/\/www.facebook.com\/adformandum\/","article_modified_time":"2019-09-18T07:32:02+00:00","twitter_card":"summary_large_image","twitter_site":"@AdFormandum","twitter_misc":{"Est. reading time":"4 minute"},"schema":{"@context":"https:\/\/schema.org","@graph":[{"@type":"WebPage","@id":"https:\/\/www.adformandum.org\/pipol-opportunita-per-crescere\/","url":"https:\/\/www.adformandum.org\/pipol-opportunita-per-crescere\/","name":"Corsi PIPOL FVG - AD Formandum","isPartOf":{"@id":"https:\/\/www.adformandum.org\/#website"},"datePublished":"2019-06-24T13:17:12+00:00","dateModified":"2019-09-18T07:32:02+00:00","description":"I corsi PIPOL FVG - Piano Integrato di Politiche per l'Occupazione e per il Lavoro. AD Formandum presenta i servizi di orientamento, formazione gratuita e accompagnamento al lavoro per giovani e adulti inoccupati.","breadcrumb":{"@id":"https:\/\/www.adformandum.org\/pipol-opportunita-per-crescere\/#breadcrumb"},"inLanguage":"sl-SI","potentialAction":[{"@type":"ReadAction","target":["https:\/\/www.adformandum.org\/pipol-opportunita-per-crescere\/"]}]},{"@type":"BreadcrumbList","@id":"https:\/\/www.adformandum.org\/pipol-opportunita-per-crescere\/#breadcrumb","itemListElement":[{"@type":"ListItem","position":1,"name":"Home","item":"https:\/\/www.adformandum.org\/"},{"@type":"ListItem","position":2,"name":"PIPOL"}]},{"@type":"WebSite","@id":"https:\/\/www.adformandum.org\/#website","url":"https:\/\/www.adformandum.org\/","name":"AD Formandum","description":"impresa sociale - socialno podjetje","publisher":{"@id":"https:\/\/www.adformandum.org\/#organization"},"potentialAction":[{"@type":"SearchAction","target":{"@type":"EntryPoint","urlTemplate":"https:\/\/www.adformandum.org\/?s={search_term_string}"},"query-input":"required name=search_term_string"}],"inLanguage":"sl-SI"},{"@type":"Organization","@id":"https:\/\/www.adformandum.org\/#organization","name":"AD Formandum","url":"https:\/\/www.adformandum.org\/","logo":{"@type":"ImageObject","inLanguage":"sl-SI","@id":"https:\/\/www.adformandum.org\/#\/schema\/logo\/image\/","url":"https:\/\/www.adformandum.org\/wp-content\/uploads\/2019\/06\/logo-new.png","contentUrl":"https:\/\/www.adformandum.org\/wp-content\/uploads\/2019\/06\/logo-new.png","width":330,"height":65,"caption":"AD Formandum"},"image":{"@id":"https:\/\/www.adformandum.org\/#\/schema\/logo\/image\/"},"sameAs":["https:\/\/www.facebook.com\/adformandum\/","https:\/\/twitter.com\/AdFormandum","https:\/\/www.linkedin.com\/company\/ad-formandum"]}]}},"_links":{"self":[{"href":"https:\/\/www.adformandum.org\/si\/wp-json\/wp\/v2\/pages\/5114"}],"collection":[{"href":"https:\/\/www.adformandum.org\/si\/wp-json\/wp\/v2\/pages"}],"about":[{"href":"https:\/\/www.adformandum.org\/si\/wp-json\/wp\/v2\/types\/page"}],"author":[{"embeddable":true,"href":"https:\/\/www.adformandum.org\/si\/wp-json\/wp\/v2\/users\/1"}],"replies":[{"embeddable":true,"href":"https:\/\/www.adformandum.org\/si\/wp-json\/wp\/v2\/comments?post=5114"}],"version-history":[{"count":42,"href":"https:\/\/www.adformandum.org\/si\/wp-json\/wp\/v2\/pages\/5114\/revisions"}],"predecessor-version":[{"id":5284,"href":"https:\/\/www.adformandum.org\/si\/wp-json\/wp\/v2\/pages\/5114\/revisions\/5284"}],"wp:attachment":[{"href":"https:\/\/www.adformandum.org\/si\/wp-json\/wp\/v2\/media?parent=5114"}],"curies":[{"name":"wp","href":"https:\/\/api.w.org\/{rel}","templated":true}]}}