{"id":5435,"date":"2019-07-12T13:16:37","date_gmt":"2019-07-12T11:16:37","guid":{"rendered":"http:\/\/php-5.4.30.vps24.moodem.it\/adf\/?page_id=5435"},"modified":"2019-07-18T09:18:52","modified_gmt":"2019-07-18T07:18:52","slug":"sissi-2-0-non-aspettare-ne-cakajte","status":"publish","type":"page","link":"https:\/\/www.adformandum.org\/si\/sissi-2-0-non-aspettare-ne-cakajte\/","title":{"rendered":"S.I.S.S.I. 2.0"},"content":{"rendered":"<p>[vc_row row_content_width=&#8221;grid&#8221; content_text_aligment=&#8221;center&#8221; simple_background_color=&#8221;#f7f7f7&#8243; css=&#8221;.vc_custom_1554289506369{margin-bottom: 50px !important;}&#8221;][vc_column offset=&#8221;vc_hidden-md vc_hidden-sm vc_hidden-xs&#8221;][vc_row_inner css=&#8221;.vc_custom_1554723760451{padding-top: 50px !important;padding-bottom: 50px !important;}&#8221; el_id=&#8221;box-numeri&#8221;][vc_column_inner width=&#8221;1\/4&#8243; css=&#8221;.vc_custom_1552908763509{padding-right: 10% !important;padding-bottom: 20px !important;padding-left: 10% !important;}&#8221;]<a itemprop=\"url\" href=\"#\" target=\"_self\" style=\"color: #ffffff;background-color: #ff5a00;font-size: 50px;font-weight: 700;padding: 10px 35px 10px 35px\" class=\"eltdf-btn eltdf-btn-large eltdf-btn-solid eltdf-btn-custom-hover-bg eltdf-btn-custom-hover-color\" data-hover-color=\"#ffffff\" data-hover-bg-color=\"#ff5a00\" >\n    <span class=\"eltdf-btn-text\">1<\/span>\n    <\/a>[vc_column_text]<\/p>\n<h5 style=\"text-align: center; color: #04344f; font-weight: 400;\">Pozitivne izku\u0161nje<\/h5>\n<p>[\/vc_column_text][\/vc_column_inner][vc_column_inner width=&#8221;1\/4&#8243; css=&#8221;.vc_custom_1552908768508{padding-right: 10% !important;padding-bottom: 20px !important;padding-left: 10% !important;}&#8221;]<a itemprop=\"url\" href=\"#\" target=\"_self\" style=\"color: #ffffff;background-color: #ff5a00;font-size: 50px;font-weight: 700;padding: 10px 30px 10px 30px\" class=\"eltdf-btn eltdf-btn-large eltdf-btn-solid eltdf-btn-custom-hover-bg eltdf-btn-custom-hover-color\" data-hover-color=\"#ffffff\" data-hover-bg-color=\"#e53113\" >\n    <span class=\"eltdf-btn-text\">2<\/span>\n    <\/a>[vc_column_text]<\/p>\n<h5 style=\"text-align: center; color: #04344f; font-weight: 400;\">Osebna rast<\/h5>\n<p>[\/vc_column_text][\/vc_column_inner][vc_column_inner width=&#8221;1\/4&#8243; css=&#8221;.vc_custom_1552908773540{padding-right: 10% !important;padding-bottom: 20px !important;padding-left: 10% !important;}&#8221;]<a itemprop=\"url\" href=\"#\" target=\"_self\" style=\"color: #ffffff;background-color: #ff5a00;font-size: 50px;font-weight: 700;padding: 10px 30px 10px 30px\" class=\"eltdf-btn eltdf-btn-large eltdf-btn-solid eltdf-btn-custom-hover-bg eltdf-btn-custom-hover-color\" data-hover-color=\"#ffffff\" data-hover-bg-color=\"#ff5a00\" >\n    <span class=\"eltdf-btn-text\">3<\/span>\n    <\/a>[vc_column_text]<\/p>\n<h5 style=\"text-align: center; color: #04344f; font-weight: 400;\">zzivi in profesionalen pristop<\/h5>\n<p>[\/vc_column_text][\/vc_column_inner][vc_column_inner width=&#8221;1\/4&#8243; css=&#8221;.vc_custom_1552908779491{padding-right: 10% !important;padding-bottom: 20px !important;padding-left: 10% !important;}&#8221;]<a itemprop=\"url\" href=\"#\" target=\"_self\" style=\"color: #ffffff;background-color: #ff5a00;font-size: 50px;font-weight: 700;padding: 10px 30px 10px 30px\" class=\"eltdf-btn eltdf-btn-large eltdf-btn-solid eltdf-btn-custom-hover-bg eltdf-btn-custom-hover-color\" data-hover-color=\"#ffffff\" data-hover-bg-color=\"#e53113\" >\n    <span class=\"eltdf-btn-text\">4<\/span>\n    <\/a>[vc_column_text]<\/p>\n<h5 style=\"text-align: center; color: #04344f; font-weight: 400;\">Nau\u010dimo se v praksi<\/h5>\n<p>[\/vc_column_text][\/vc_column_inner][\/vc_row_inner][\/vc_column][\/vc_row][vc_row row_content_width=&#8221;grid&#8221; css=&#8221;.vc_custom_1562590995353{padding-top: 0px !important;padding-bottom: 100px !important;}&#8221; el_class=&#8221;corso-singolo-pagina&#8221;][vc_column offset=&#8221;vc_col-lg-6&#8243;][vc_column_text]<\/p>\n<h3><span style=\"color: #ff5a0a;\">Vsak dan<\/span> je idealen za <span style=\"color: #ff5a0a;\">izvirno<\/span> razmi\u0161ljanje. Za\u010dnite takoj. Ne akajte!<\/h3>\n<p>[\/vc_column_text][vc_column_text]Razmi\u0161ljali smo o projektu, ki presega meje na\u0161e pokrajine, razmi\u0161lja o prihodnosti mladih in namerava vklju\u010diti vse generacije, tako tiste, ki danes razmi\u0161ljajo o mo\u017enosti upokojitve, kot tiste, ki \u017eelijo zapustiti svoje podjetje mlaj\u0161im generacijam, ali tiste, ki danes \u017eelijo staviti na svojo prihodnost.<br \/>\nPrihodnost pi\u0161emo z na\u0161im vsakdanjim delom, ni vnaprej za\u010drtane poti, potrebno je vsak dan graditi in usmerjati na\u0161o mo\u010d v oblikovanje na\u0161ih sanj.<br \/>\nNe ustvarjamo futuristi\u010dnih scenarijev, ampak jih gradimo skupaj z ljudmi, ki \u017eelijo \u017eiveti svoj prostor z ustvarjanjem ne\u010desa, kar jim pripada.<\/p>\n<p><a href=\"http:\/\/www.sissi.fvg.it\" target=\"_blank\" rel=\"noopener noreferrer\"><strong>S.I.S.S.I. 2.0<\/strong><\/a> je plod izku\u0161nje, ki je obrodila sadove: <strong>AD FORMANDUM<\/strong>, vodja za\u010dasnega zdru\u017eenja, ki upravlja projekt, in \u0161e drugih 26 partnerjev so si zamislili, da je pobudo, kot je <strong>IMPRENDERO &#8216;[in] FVG<\/strong> &#8211; zdaj v peti izdaji &#8211; mogo\u010de zamisliti si na novo. Na De\u017eelo Furlanijo-Julijsko krajino je treba v razli\u010dnih realnostih gledati z razli\u010dnimi o\u010dmi, da si postavimo novim \u010dasom in izzivom primerna vpra\u0161anja in najdemo odgovore, ki so skladni s potrebami ljudi, ki \u017eivijo to obmo\u010dje in gledajo v perspektivo prihodnjih dvajsetih let.[\/vc_column_text][vc_empty_space height=&#8221;10px&#8221;]<a itemprop=\"url\" href=\"http:\/\/www.sissi.fvg.it\" target=\"_blank\" style=\"margin: 0px 20px 0px 0px\" class=\"eltdf-btn eltdf-btn-medium eltdf-btn-simple eltdf-btn-icon eltdf-btn-arrow\"  >\n    <span class=\"eltdf-btn-text\">www.sissi.fvg.it<\/span>\n    <span aria-hidden=\"true\" class=\"eltdf-icon-linear-icons lnr lnr-arrow-right \" ><\/span><\/a>[vc_empty_space height=&#8221;30px&#8221;][\/vc_column][vc_column offset=&#8221;vc_col-lg-6&#8243;]<div class=\"eltdf-single-image-holder   \">\n    <div class=\"eltdf-si-inner\" >\n                                    <img loading=\"lazy\" decoding=\"async\" width=\"800\" height=\"600\" src=\"https:\/\/www.adformandum.org\/wp-content\/uploads\/2019\/07\/LOGO-SISSI.jpg\" class=\"attachment-full size-full\" alt=\"\" srcset=\"https:\/\/www.adformandum.org\/wp-content\/uploads\/2019\/07\/LOGO-SISSI.jpg 800w, https:\/\/www.adformandum.org\/wp-content\/uploads\/2019\/07\/LOGO-SISSI-300x225.jpg 300w, https:\/\/www.adformandum.org\/wp-content\/uploads\/2019\/07\/LOGO-SISSI-768x576.jpg 768w\" sizes=\"(max-width: 800px) 100vw, 800px\" \/>                        <\/div>\n<\/div>[\/vc_column][\/vc_row][vc_row el_id=&#8221;background-resize&#8221; simple_background_color=&#8221;#f7f7f7&#8243;][vc_column][vc_row_inner row_content_width=&#8221;grid&#8221; disable_background_image=&#8221;1024&#8243; simple_background_image=&#8221;5447&#8243; background_image_position=&#8221;right bottom&#8221; css=&#8221;.vc_custom_1562932293036{padding-top: 80px !important;padding-bottom: 80px !important;}&#8221;][vc_column_inner offset=&#8221;vc_col-lg-6 vc_col-md-12 vc_col-xs-12&#8243;][vc_column_text]<\/p>\n<h3>Odgovorov ni mogo\u010de ustvariti v trenutku: da do njih pridemo, so potrebne perspektiva, predanost, strast in odlo\u010dnost.<\/h3>\n<p>\u010ce \u017eelite izvedeti ve\u010d, obi\u0161\u010dite spletno stran &#8211; ki se bo nenehno spreminjala, prilagajala in se razvijala. Stopite v stik s slu\u017ebami, ki jih ponuja S.I.S.S.I. 2.0 in \u010de imate idejo, jo bomo skupaj ocenili in na\u0161li najbolj\u0161i na\u010din, da vam pomagamo jo zgraditi.[\/vc_column_text][vc_empty_space height=&#8221;10px&#8221;]<a itemprop=\"url\" href=\"http:\/\/www.sissi.fvg.it\" target=\"_blank\" style=\"margin: 0px 20px 0px 0px\" class=\"eltdf-btn eltdf-btn-medium eltdf-btn-simple eltdf-btn-icon eltdf-btn-arrow\"  >\n    <span class=\"eltdf-btn-text\">www.sissi.fvg.it<\/span>\n    <span aria-hidden=\"true\" class=\"eltdf-icon-linear-icons lnr lnr-arrow-right \" ><\/span><\/a>[\/vc_column_inner][vc_column_inner offset=&#8221;vc_col-lg-6 vc_col-md-12 vc_col-xs-12&#8243;][\/vc_column_inner][\/vc_row_inner][\/vc_column][\/vc_row]<\/p>\n","protected":false},"excerpt":{"rendered":"<p>[vc_row row_content_width=&#8221;grid&#8221; content_text_aligment=&#8221;center&#8221; simple_background_color=&#8221;#f7f7f7&#8243; css=&#8221;.vc_custom_1554289506369{margin-bottom: 50px !important;}&#8221;][vc_column offset=&#8221;vc_hidden-md vc_hidden-sm vc_hidden-xs&#8221;][vc_row_inner css=&#8221;.vc_custom_1554723760451{padding-top: 50px !important;padding-bottom: 50px !important;}&#8221; el_id=&#8221;box-numeri&#8221;][vc_column_inner width=&#8221;1\/4&#8243; css=&#8221;.vc_custom_1552908763509{padding-right: 10% !important;padding-bottom: 20px !important;padding-left: 10% !important;}&#8221;][vc_column_text] Pozitivne izku\u0161nje [\/vc_column_text][\/vc_column_inner][vc_column_inner width=&#8221;1\/4&#8243; css=&#8221;.vc_custom_1552908768508{padding-right: 10% !important;padding-bottom: 20px !important;padding-left: 10% !important;}&#8221;][vc_column_text] Osebna rast [\/vc_column_text][\/vc_column_inner][vc_column_inner width=&#8221;1\/4&#8243; css=&#8221;.vc_custom_1552908773540{padding-right: 10% !important;padding-bottom: 20px !important;padding-left: 10% !important;}&#8221;][vc_column_text] zzivi in profesionalen pristop [\/vc_column_text][\/vc_column_inner][vc_column_inner width=&#8221;1\/4&#8243; css=&#8221;.vc_custom_1552908779491{padding-right: 10% !important;padding-bottom: 20px [&hellip;]<\/p>\n","protected":false},"author":1,"featured_media":0,"parent":0,"menu_order":0,"comment_status":"closed","ping_status":"closed","template":"full-width.php","meta":{"_mi_skip_tracking":false,"_monsterinsights_sitenote_active":false,"_monsterinsights_sitenote_note":"","_monsterinsights_sitenote_category":0,"footnotes":""},"yoast_head":"<!-- This site is optimized with the Yoast SEO plugin v21.5 - https:\/\/yoast.com\/wordpress\/plugins\/seo\/ -->\n<title>S.I.S.S.I. 2.0 - AD Formandum<\/title>\n<meta name=\"robots\" content=\"index, follow, max-snippet:-1, max-image-preview:large, max-video-preview:-1\" \/>\n<link rel=\"canonical\" href=\"https:\/\/www.adformandum.org\/si\/sissi-2-0-non-aspettare-ne-cakajte\/\" \/>\n<meta property=\"og:locale\" content=\"sl_SI\" \/>\n<meta property=\"og:type\" content=\"article\" \/>\n<meta property=\"og:title\" content=\"S.I.S.S.I. 2.0 - AD Formandum\" \/>\n<meta property=\"og:description\" content=\"[vc_row row_content_width=&#8221;grid&#8221; content_text_aligment=&#8221;center&#8221; simple_background_color=&#8221;#f7f7f7&#8243; css=&#8221;.vc_custom_1554289506369{margin-bottom: 50px !important;}&#8221;][vc_column offset=&#8221;vc_hidden-md vc_hidden-sm vc_hidden-xs&#8221;][vc_row_inner css=&#8221;.vc_custom_1554723760451{padding-top: 50px !important;padding-bottom: 50px !important;}&#8221; el_id=&#8221;box-numeri&#8221;][vc_column_inner width=&#8221;1\/4&#8243; css=&#8221;.vc_custom_1552908763509{padding-right: 10% !important;padding-bottom: 20px !important;padding-left: 10% !important;}&#8221;][vc_column_text] Pozitivne izku\u0161nje [\/vc_column_text][\/vc_column_inner][vc_column_inner width=&#8221;1\/4&#8243; css=&#8221;.vc_custom_1552908768508{padding-right: 10% !important;padding-bottom: 20px !important;padding-left: 10% !important;}&#8221;][vc_column_text] Osebna rast [\/vc_column_text][\/vc_column_inner][vc_column_inner width=&#8221;1\/4&#8243; css=&#8221;.vc_custom_1552908773540{padding-right: 10% !important;padding-bottom: 20px !important;padding-left: 10% !important;}&#8221;][vc_column_text] zzivi in profesionalen pristop [\/vc_column_text][\/vc_column_inner][vc_column_inner width=&#8221;1\/4&#8243; css=&#8221;.vc_custom_1552908779491{padding-right: 10% !important;padding-bottom: 20px [&hellip;]\" \/>\n<meta property=\"og:url\" content=\"https:\/\/www.adformandum.org\/si\/sissi-2-0-non-aspettare-ne-cakajte\/\" \/>\n<meta property=\"og:site_name\" content=\"AD Formandum\" \/>\n<meta property=\"article:publisher\" content=\"https:\/\/www.facebook.com\/adformandum\/\" \/>\n<meta property=\"article:modified_time\" content=\"2019-07-18T07:18:52+00:00\" \/>\n<meta name=\"twitter:card\" content=\"summary_large_image\" \/>\n<meta name=\"twitter:site\" content=\"@AdFormandum\" \/>\n<meta name=\"twitter:label1\" content=\"Est. reading time\" \/>\n\t<meta name=\"twitter:data1\" content=\"4 minute\" \/>\n<script type=\"application\/ld+json\" class=\"yoast-schema-graph\">{\"@context\":\"https:\/\/schema.org\",\"@graph\":[{\"@type\":\"WebPage\",\"@id\":\"https:\/\/www.adformandum.org\/si\/sissi-2-0-non-aspettare-ne-cakajte\/\",\"url\":\"https:\/\/www.adformandum.org\/si\/sissi-2-0-non-aspettare-ne-cakajte\/\",\"name\":\"S.I.S.S.I. 2.0 - AD Formandum\",\"isPartOf\":{\"@id\":\"https:\/\/www.adformandum.org\/#website\"},\"datePublished\":\"2019-07-12T11:16:37+00:00\",\"dateModified\":\"2019-07-18T07:18:52+00:00\",\"breadcrumb\":{\"@id\":\"https:\/\/www.adformandum.org\/si\/sissi-2-0-non-aspettare-ne-cakajte\/#breadcrumb\"},\"inLanguage\":\"sl-SI\",\"potentialAction\":[{\"@type\":\"ReadAction\",\"target\":[\"https:\/\/www.adformandum.org\/si\/sissi-2-0-non-aspettare-ne-cakajte\/\"]}]},{\"@type\":\"BreadcrumbList\",\"@id\":\"https:\/\/www.adformandum.org\/si\/sissi-2-0-non-aspettare-ne-cakajte\/#breadcrumb\",\"itemListElement\":[{\"@type\":\"ListItem\",\"position\":1,\"name\":\"Home\",\"item\":\"https:\/\/www.adformandum.org\/\"},{\"@type\":\"ListItem\",\"position\":2,\"name\":\"S.I.S.S.I. 2.0\"}]},{\"@type\":\"WebSite\",\"@id\":\"https:\/\/www.adformandum.org\/#website\",\"url\":\"https:\/\/www.adformandum.org\/\",\"name\":\"AD Formandum\",\"description\":\"impresa sociale - socialno podjetje\",\"publisher\":{\"@id\":\"https:\/\/www.adformandum.org\/#organization\"},\"potentialAction\":[{\"@type\":\"SearchAction\",\"target\":{\"@type\":\"EntryPoint\",\"urlTemplate\":\"https:\/\/www.adformandum.org\/?s={search_term_string}\"},\"query-input\":\"required name=search_term_string\"}],\"inLanguage\":\"sl-SI\"},{\"@type\":\"Organization\",\"@id\":\"https:\/\/www.adformandum.org\/#organization\",\"name\":\"AD Formandum\",\"url\":\"https:\/\/www.adformandum.org\/\",\"logo\":{\"@type\":\"ImageObject\",\"inLanguage\":\"sl-SI\",\"@id\":\"https:\/\/www.adformandum.org\/#\/schema\/logo\/image\/\",\"url\":\"https:\/\/www.adformandum.org\/wp-content\/uploads\/2019\/06\/logo-new.png\",\"contentUrl\":\"https:\/\/www.adformandum.org\/wp-content\/uploads\/2019\/06\/logo-new.png\",\"width\":330,\"height\":65,\"caption\":\"AD Formandum\"},\"image\":{\"@id\":\"https:\/\/www.adformandum.org\/#\/schema\/logo\/image\/\"},\"sameAs\":[\"https:\/\/www.facebook.com\/adformandum\/\",\"https:\/\/twitter.com\/AdFormandum\",\"https:\/\/www.linkedin.com\/company\/ad-formandum\"]}]}<\/script>\n<!-- \/ Yoast SEO plugin. -->","yoast_head_json":{"title":"S.I.S.S.I. 2.0 - AD Formandum","robots":{"index":"index","follow":"follow","max-snippet":"max-snippet:-1","max-image-preview":"max-image-preview:large","max-video-preview":"max-video-preview:-1"},"canonical":"https:\/\/www.adformandum.org\/si\/sissi-2-0-non-aspettare-ne-cakajte\/","og_locale":"sl_SI","og_type":"article","og_title":"S.I.S.S.I. 2.0 - AD Formandum","og_description":"[vc_row row_content_width=&#8221;grid&#8221; content_text_aligment=&#8221;center&#8221; simple_background_color=&#8221;#f7f7f7&#8243; css=&#8221;.vc_custom_1554289506369{margin-bottom: 50px !important;}&#8221;][vc_column offset=&#8221;vc_hidden-md vc_hidden-sm vc_hidden-xs&#8221;][vc_row_inner css=&#8221;.vc_custom_1554723760451{padding-top: 50px !important;padding-bottom: 50px !important;}&#8221; el_id=&#8221;box-numeri&#8221;][vc_column_inner width=&#8221;1\/4&#8243; css=&#8221;.vc_custom_1552908763509{padding-right: 10% !important;padding-bottom: 20px !important;padding-left: 10% !important;}&#8221;][vc_column_text] Pozitivne izku\u0161nje [\/vc_column_text][\/vc_column_inner][vc_column_inner width=&#8221;1\/4&#8243; css=&#8221;.vc_custom_1552908768508{padding-right: 10% !important;padding-bottom: 20px !important;padding-left: 10% !important;}&#8221;][vc_column_text] Osebna rast [\/vc_column_text][\/vc_column_inner][vc_column_inner width=&#8221;1\/4&#8243; css=&#8221;.vc_custom_1552908773540{padding-right: 10% !important;padding-bottom: 20px !important;padding-left: 10% !important;}&#8221;][vc_column_text] zzivi in profesionalen pristop [\/vc_column_text][\/vc_column_inner][vc_column_inner width=&#8221;1\/4&#8243; css=&#8221;.vc_custom_1552908779491{padding-right: 10% !important;padding-bottom: 20px [&hellip;]","og_url":"https:\/\/www.adformandum.org\/si\/sissi-2-0-non-aspettare-ne-cakajte\/","og_site_name":"AD Formandum","article_publisher":"https:\/\/www.facebook.com\/adformandum\/","article_modified_time":"2019-07-18T07:18:52+00:00","twitter_card":"summary_large_image","twitter_site":"@AdFormandum","twitter_misc":{"Est. reading time":"4 minute"},"schema":{"@context":"https:\/\/schema.org","@graph":[{"@type":"WebPage","@id":"https:\/\/www.adformandum.org\/si\/sissi-2-0-non-aspettare-ne-cakajte\/","url":"https:\/\/www.adformandum.org\/si\/sissi-2-0-non-aspettare-ne-cakajte\/","name":"S.I.S.S.I. 2.0 - AD Formandum","isPartOf":{"@id":"https:\/\/www.adformandum.org\/#website"},"datePublished":"2019-07-12T11:16:37+00:00","dateModified":"2019-07-18T07:18:52+00:00","breadcrumb":{"@id":"https:\/\/www.adformandum.org\/si\/sissi-2-0-non-aspettare-ne-cakajte\/#breadcrumb"},"inLanguage":"sl-SI","potentialAction":[{"@type":"ReadAction","target":["https:\/\/www.adformandum.org\/si\/sissi-2-0-non-aspettare-ne-cakajte\/"]}]},{"@type":"BreadcrumbList","@id":"https:\/\/www.adformandum.org\/si\/sissi-2-0-non-aspettare-ne-cakajte\/#breadcrumb","itemListElement":[{"@type":"ListItem","position":1,"name":"Home","item":"https:\/\/www.adformandum.org\/"},{"@type":"ListItem","position":2,"name":"S.I.S.S.I. 2.0"}]},{"@type":"WebSite","@id":"https:\/\/www.adformandum.org\/#website","url":"https:\/\/www.adformandum.org\/","name":"AD Formandum","description":"impresa sociale - socialno podjetje","publisher":{"@id":"https:\/\/www.adformandum.org\/#organization"},"potentialAction":[{"@type":"SearchAction","target":{"@type":"EntryPoint","urlTemplate":"https:\/\/www.adformandum.org\/?s={search_term_string}"},"query-input":"required name=search_term_string"}],"inLanguage":"sl-SI"},{"@type":"Organization","@id":"https:\/\/www.adformandum.org\/#organization","name":"AD Formandum","url":"https:\/\/www.adformandum.org\/","logo":{"@type":"ImageObject","inLanguage":"sl-SI","@id":"https:\/\/www.adformandum.org\/#\/schema\/logo\/image\/","url":"https:\/\/www.adformandum.org\/wp-content\/uploads\/2019\/06\/logo-new.png","contentUrl":"https:\/\/www.adformandum.org\/wp-content\/uploads\/2019\/06\/logo-new.png","width":330,"height":65,"caption":"AD Formandum"},"image":{"@id":"https:\/\/www.adformandum.org\/#\/schema\/logo\/image\/"},"sameAs":["https:\/\/www.facebook.com\/adformandum\/","https:\/\/twitter.com\/AdFormandum","https:\/\/www.linkedin.com\/company\/ad-formandum"]}]}},"_links":{"self":[{"href":"https:\/\/www.adformandum.org\/si\/wp-json\/wp\/v2\/pages\/5435"}],"collection":[{"href":"https:\/\/www.adformandum.org\/si\/wp-json\/wp\/v2\/pages"}],"about":[{"href":"https:\/\/www.adformandum.org\/si\/wp-json\/wp\/v2\/types\/page"}],"author":[{"embeddable":true,"href":"https:\/\/www.adformandum.org\/si\/wp-json\/wp\/v2\/users\/1"}],"replies":[{"embeddable":true,"href":"https:\/\/www.adformandum.org\/si\/wp-json\/wp\/v2\/comments?post=5435"}],"version-history":[{"count":11,"href":"https:\/\/www.adformandum.org\/si\/wp-json\/wp\/v2\/pages\/5435\/revisions"}],"predecessor-version":[{"id":5451,"href":"https:\/\/www.adformandum.org\/si\/wp-json\/wp\/v2\/pages\/5435\/revisions\/5451"}],"wp:attachment":[{"href":"https:\/\/www.adformandum.org\/si\/wp-json\/wp\/v2\/media?parent=5435"}],"curies":[{"name":"wp","href":"https:\/\/api.w.org\/{rel}","templated":true}]}}