{"id":5527,"date":"2019-07-16T12:36:16","date_gmt":"2019-07-16T10:36:16","guid":{"rendered":"http:\/\/php-5.4.30.vps24.moodem.it\/adf\/?page_id=5527"},"modified":"2019-07-18T09:48:54","modified_gmt":"2019-07-18T07:48:54","slug":"agricoltura","status":"publish","type":"page","link":"https:\/\/www.adformandum.org\/si\/agricoltura\/","title":{"rendered":"Kmetijstvo"},"content":{"rendered":"<p>[vc_row row_content_width=&#8221;grid&#8221; css=&#8221;.vc_custom_1563272354299{padding-top: 50px !important;padding-bottom: 100px !important;}&#8221; el_class=&#8221;corso-singolo-pagina&#8221;][vc_column offset=&#8221;vc_col-lg-6&#8243;][vc_column_text]Da bi se soo\u010dili z izzivi, ki \u010dakajo kmetijske podjetnike, so potrebna nova znanja, stalno izpopolnjevanje, ki je vezano predvsem na spremenjene zakonske razmere.<br \/>\nIzbolj\u0161anje konkuren\u010dnosti v vse bolj zahtevnem gospodarskem okolju ob zagotavljanju trajnostne rabe ekosistemov in visokih standardov storitev je izziv za \u017ee vpeljane kmetijske podjetnike, pa tudi za tiste, ki se komaj lotijo te dejavnosti.<br \/>\nCilj, ki ga \u017eelijo dose\u010di izobra\u017eevalni te\u010daji na podro\u010dju kmetijstva, je usposabljanje sedanjih in bodo\u010dih kmetijskih podjetnikov, da lahko razvijejo in raz\u0161irijo svoje podjetje tudi s tehnolo\u0161kimi, informacijskimi in socialnimi inovacijami.[\/vc_column_text][vc_single_image image=&#8221;5267&#8243; img_size=&#8221;full&#8221;][vc_empty_space height=&#8221;10px&#8221;][\/vc_column][vc_column offset=&#8221;vc_col-lg-6&#8243; css=&#8221;.vc_custom_1562590851742{padding-top: 50px !important;padding-right: 120px !important;padding-bottom: 50px !important;padding-left: 120px !important;background-color: #f7f7f7 !important;}&#8221;]<div class=\"eltdf-course-list-holder eltdf-grid-list eltdf-disable-bottom-space clearfix eltdf-cl-gallery eltdf-one-columns eltdf-huge-space eltdf-cl-standard eltdf-cl-pag-no-pagination      \"  data-number-of-columns=one data-space-between-items=huge data-number-of-items=1 data-enable-image=yes data-image-proportions=full data-category=agricoltura data-orderby=date data-order=ASC data-item-layout=standard data-enable-title=yes data-title-tag=h4 data-enable-instructor=no data-enable-price=yes data-enable-excerpt=yes data-excerpt-length=300 data-enable-students=no data-enable-category=no data-category-boxed=yes data-enable-ratings=no data-pagination-type=no-pagination data-filter=no data-filter-order-by=name data-enable-article-animation=no data-course-slider-on=no data-enable-loop=yes data-enable-autoplay=yes data-slider-speed=5000 data-slider-speed-animation=600 data-enable-navigation=yes data-enable-pagination=yes data-widget=no data-filter-center=no data-max-num-pages=1 data-next-page=2>\n\t\t\t<div class=\"eltdf-cl-inner eltdf-outer-space \">\n\t\t<article class=\"eltdf-cl-item eltdf-item-space post-9462 course type-course status-publish has-post-thumbnail hentry course-category-agricoltura\"  data-name=poklicni-kmetijski-podjetnik data-date=>\n\t<div class=\"eltdf-cl-item-inner\">\n\t\t<div class=\"eltdf-cli-image\">\n\t\t\t<img loading=\"lazy\" decoding=\"async\" width=\"1000\" height=\"696\" src=\"https:\/\/www.adformandum.org\/wp-content\/uploads\/2019\/07\/img-agricoltura.jpg\" class=\"attachment-full size-full wp-post-image\" alt=\"\" srcset=\"https:\/\/www.adformandum.org\/wp-content\/uploads\/2019\/07\/img-agricoltura.jpg 1000w, https:\/\/www.adformandum.org\/wp-content\/uploads\/2019\/07\/img-agricoltura-300x209.jpg 300w, https:\/\/www.adformandum.org\/wp-content\/uploads\/2019\/07\/img-agricoltura-768x535.jpg 768w\" sizes=\"(max-width: 1000px) 100vw, 1000px\" \/>\t    <\/div>\n<div class=\"eltdf-cli-text-holder\">\n\t<div class=\"eltdf-cli-text-wrapper\">\n\t\t<div class=\"eltdf-cli-text\">\n\t\t\t<div class=\"eltdf-cli-top-info\">\n\t\t\t\t\t<h4 itemprop=\"name\" class=\"eltdf-cli-title entry-title\" >\n\t<a itemprop=\"url\" href=\"https:\/\/www.adformandum.org\/si\/corsi\/imprenditore-agricolo-professionale\/\" target=\"_self\">\n\t\tPoklicni kmetijski podjetnik\t<\/a>\n\t<\/h4>\n\t\t\t\t\n\t\t\t\t\t\t\t\n\t\t\t<\/div>\n\t\t\t\t<p itemprop=\"description\" class=\"eltdf-cli-excerpt\">154 ur. Polnoletne zaposlene ali brezposelne osebe s stalnim bivali\u0161\u010dem v de\u017eeli FJK.<\/p>\n\t\t\t<div class=\"eltdf-cli-bottom-info\">\n\t\t\t\t\n                \t\t\t\t\n\t\t\t\t\n                <div class=\"eltdf-ci-price-holder\">\n\t\t\t<span class=\"eltdf-ci-price-free\">\n        Brezpla\u010dno      <\/span>\n\t<\/div>\n\t\t\t<\/div>\n\t\t<\/div>\n\t<\/div>\n<\/div>\t\t<a itemprop=\"url\" class=\"eltdf-cli-link eltdf-block-drag-link\" href=\"https:\/\/www.adformandum.org\/si\/corsi\/imprenditore-agricolo-professionale\/\"><\/a>\n\t<\/div>\n<\/article>\t<\/div>\n\t\n\t<\/div>[\/vc_column][\/vc_row]<\/p>\n","protected":false},"excerpt":{"rendered":"<p>[vc_row row_content_width=&#8221;grid&#8221; css=&#8221;.vc_custom_1563272354299{padding-top: 50px !important;padding-bottom: 100px !important;}&#8221; el_class=&#8221;corso-singolo-pagina&#8221;][vc_column offset=&#8221;vc_col-lg-6&#8243;][vc_column_text]Da bi se soo\u010dili z izzivi, ki \u010dakajo kmetijske podjetnike, so potrebna nova znanja, stalno izpopolnjevanje, ki je vezano predvsem na spremenjene zakonske razmere. Izbolj\u0161anje konkuren\u010dnosti v vse bolj zahtevnem gospodarskem okolju ob zagotavljanju trajnostne rabe ekosistemov in visokih standardov storitev je izziv za \u017ee vpeljane kmetijske podjetnike, [&hellip;]<\/p>\n","protected":false},"author":1,"featured_media":0,"parent":0,"menu_order":0,"comment_status":"closed","ping_status":"closed","template":"full-width.php","meta":{"_mi_skip_tracking":false,"_monsterinsights_sitenote_active":false,"_monsterinsights_sitenote_note":"","_monsterinsights_sitenote_category":0,"footnotes":""},"yoast_head":"<!-- This site is optimized with the Yoast SEO plugin v21.5 - https:\/\/yoast.com\/wordpress\/plugins\/seo\/ -->\n<title>Kmetijstvo - AD Formandum<\/title>\n<meta name=\"robots\" content=\"index, follow, max-snippet:-1, max-image-preview:large, max-video-preview:-1\" \/>\n<link rel=\"canonical\" href=\"https:\/\/www.adformandum.org\/si\/agricoltura\/\" \/>\n<meta property=\"og:locale\" content=\"sl_SI\" \/>\n<meta property=\"og:type\" content=\"article\" \/>\n<meta property=\"og:title\" content=\"Kmetijstvo - AD Formandum\" \/>\n<meta property=\"og:description\" content=\"[vc_row row_content_width=&#8221;grid&#8221; css=&#8221;.vc_custom_1563272354299{padding-top: 50px !important;padding-bottom: 100px !important;}&#8221; el_class=&#8221;corso-singolo-pagina&#8221;][vc_column offset=&#8221;vc_col-lg-6&#8243;][vc_column_text]Da bi se soo\u010dili z izzivi, ki \u010dakajo kmetijske podjetnike, so potrebna nova znanja, stalno izpopolnjevanje, ki je vezano predvsem na spremenjene zakonske razmere. Izbolj\u0161anje konkuren\u010dnosti v vse bolj zahtevnem gospodarskem okolju ob zagotavljanju trajnostne rabe ekosistemov in visokih standardov storitev je izziv za \u017ee vpeljane kmetijske podjetnike, [&hellip;]\" \/>\n<meta property=\"og:url\" content=\"https:\/\/www.adformandum.org\/si\/agricoltura\/\" \/>\n<meta property=\"og:site_name\" content=\"AD Formandum\" \/>\n<meta property=\"article:publisher\" content=\"https:\/\/www.facebook.com\/adformandum\/\" \/>\n<meta property=\"article:modified_time\" content=\"2019-07-18T07:48:54+00:00\" \/>\n<meta name=\"twitter:card\" content=\"summary_large_image\" \/>\n<meta name=\"twitter:site\" content=\"@AdFormandum\" \/>\n<meta name=\"twitter:label1\" content=\"Est. reading time\" \/>\n\t<meta name=\"twitter:data1\" content=\"1 minuta\" \/>\n<script type=\"application\/ld+json\" class=\"yoast-schema-graph\">{\"@context\":\"https:\/\/schema.org\",\"@graph\":[{\"@type\":\"WebPage\",\"@id\":\"https:\/\/www.adformandum.org\/si\/agricoltura\/\",\"url\":\"https:\/\/www.adformandum.org\/si\/agricoltura\/\",\"name\":\"Kmetijstvo - AD Formandum\",\"isPartOf\":{\"@id\":\"https:\/\/www.adformandum.org\/#website\"},\"datePublished\":\"2019-07-16T10:36:16+00:00\",\"dateModified\":\"2019-07-18T07:48:54+00:00\",\"breadcrumb\":{\"@id\":\"https:\/\/www.adformandum.org\/si\/agricoltura\/#breadcrumb\"},\"inLanguage\":\"sl-SI\",\"potentialAction\":[{\"@type\":\"ReadAction\",\"target\":[\"https:\/\/www.adformandum.org\/si\/agricoltura\/\"]}]},{\"@type\":\"BreadcrumbList\",\"@id\":\"https:\/\/www.adformandum.org\/si\/agricoltura\/#breadcrumb\",\"itemListElement\":[{\"@type\":\"ListItem\",\"position\":1,\"name\":\"Home\",\"item\":\"https:\/\/www.adformandum.org\/\"},{\"@type\":\"ListItem\",\"position\":2,\"name\":\"Kmetijstvo\"}]},{\"@type\":\"WebSite\",\"@id\":\"https:\/\/www.adformandum.org\/#website\",\"url\":\"https:\/\/www.adformandum.org\/\",\"name\":\"AD Formandum\",\"description\":\"impresa sociale - socialno podjetje\",\"publisher\":{\"@id\":\"https:\/\/www.adformandum.org\/#organization\"},\"potentialAction\":[{\"@type\":\"SearchAction\",\"target\":{\"@type\":\"EntryPoint\",\"urlTemplate\":\"https:\/\/www.adformandum.org\/?s={search_term_string}\"},\"query-input\":\"required name=search_term_string\"}],\"inLanguage\":\"sl-SI\"},{\"@type\":\"Organization\",\"@id\":\"https:\/\/www.adformandum.org\/#organization\",\"name\":\"AD Formandum\",\"url\":\"https:\/\/www.adformandum.org\/\",\"logo\":{\"@type\":\"ImageObject\",\"inLanguage\":\"sl-SI\",\"@id\":\"https:\/\/www.adformandum.org\/#\/schema\/logo\/image\/\",\"url\":\"https:\/\/www.adformandum.org\/wp-content\/uploads\/2019\/06\/logo-new.png\",\"contentUrl\":\"https:\/\/www.adformandum.org\/wp-content\/uploads\/2019\/06\/logo-new.png\",\"width\":330,\"height\":65,\"caption\":\"AD Formandum\"},\"image\":{\"@id\":\"https:\/\/www.adformandum.org\/#\/schema\/logo\/image\/\"},\"sameAs\":[\"https:\/\/www.facebook.com\/adformandum\/\",\"https:\/\/twitter.com\/AdFormandum\",\"https:\/\/www.linkedin.com\/company\/ad-formandum\"]}]}<\/script>\n<!-- \/ Yoast SEO plugin. -->","yoast_head_json":{"title":"Kmetijstvo - AD Formandum","robots":{"index":"index","follow":"follow","max-snippet":"max-snippet:-1","max-image-preview":"max-image-preview:large","max-video-preview":"max-video-preview:-1"},"canonical":"https:\/\/www.adformandum.org\/si\/agricoltura\/","og_locale":"sl_SI","og_type":"article","og_title":"Kmetijstvo - AD Formandum","og_description":"[vc_row row_content_width=&#8221;grid&#8221; css=&#8221;.vc_custom_1563272354299{padding-top: 50px !important;padding-bottom: 100px !important;}&#8221; el_class=&#8221;corso-singolo-pagina&#8221;][vc_column offset=&#8221;vc_col-lg-6&#8243;][vc_column_text]Da bi se soo\u010dili z izzivi, ki \u010dakajo kmetijske podjetnike, so potrebna nova znanja, stalno izpopolnjevanje, ki je vezano predvsem na spremenjene zakonske razmere. Izbolj\u0161anje konkuren\u010dnosti v vse bolj zahtevnem gospodarskem okolju ob zagotavljanju trajnostne rabe ekosistemov in visokih standardov storitev je izziv za \u017ee vpeljane kmetijske podjetnike, [&hellip;]","og_url":"https:\/\/www.adformandum.org\/si\/agricoltura\/","og_site_name":"AD Formandum","article_publisher":"https:\/\/www.facebook.com\/adformandum\/","article_modified_time":"2019-07-18T07:48:54+00:00","twitter_card":"summary_large_image","twitter_site":"@AdFormandum","twitter_misc":{"Est. reading time":"1 minuta"},"schema":{"@context":"https:\/\/schema.org","@graph":[{"@type":"WebPage","@id":"https:\/\/www.adformandum.org\/si\/agricoltura\/","url":"https:\/\/www.adformandum.org\/si\/agricoltura\/","name":"Kmetijstvo - AD Formandum","isPartOf":{"@id":"https:\/\/www.adformandum.org\/#website"},"datePublished":"2019-07-16T10:36:16+00:00","dateModified":"2019-07-18T07:48:54+00:00","breadcrumb":{"@id":"https:\/\/www.adformandum.org\/si\/agricoltura\/#breadcrumb"},"inLanguage":"sl-SI","potentialAction":[{"@type":"ReadAction","target":["https:\/\/www.adformandum.org\/si\/agricoltura\/"]}]},{"@type":"BreadcrumbList","@id":"https:\/\/www.adformandum.org\/si\/agricoltura\/#breadcrumb","itemListElement":[{"@type":"ListItem","position":1,"name":"Home","item":"https:\/\/www.adformandum.org\/"},{"@type":"ListItem","position":2,"name":"Kmetijstvo"}]},{"@type":"WebSite","@id":"https:\/\/www.adformandum.org\/#website","url":"https:\/\/www.adformandum.org\/","name":"AD Formandum","description":"impresa sociale - socialno podjetje","publisher":{"@id":"https:\/\/www.adformandum.org\/#organization"},"potentialAction":[{"@type":"SearchAction","target":{"@type":"EntryPoint","urlTemplate":"https:\/\/www.adformandum.org\/?s={search_term_string}"},"query-input":"required name=search_term_string"}],"inLanguage":"sl-SI"},{"@type":"Organization","@id":"https:\/\/www.adformandum.org\/#organization","name":"AD Formandum","url":"https:\/\/www.adformandum.org\/","logo":{"@type":"ImageObject","inLanguage":"sl-SI","@id":"https:\/\/www.adformandum.org\/#\/schema\/logo\/image\/","url":"https:\/\/www.adformandum.org\/wp-content\/uploads\/2019\/06\/logo-new.png","contentUrl":"https:\/\/www.adformandum.org\/wp-content\/uploads\/2019\/06\/logo-new.png","width":330,"height":65,"caption":"AD Formandum"},"image":{"@id":"https:\/\/www.adformandum.org\/#\/schema\/logo\/image\/"},"sameAs":["https:\/\/www.facebook.com\/adformandum\/","https:\/\/twitter.com\/AdFormandum","https:\/\/www.linkedin.com\/company\/ad-formandum"]}]}},"_links":{"self":[{"href":"https:\/\/www.adformandum.org\/si\/wp-json\/wp\/v2\/pages\/5527"}],"collection":[{"href":"https:\/\/www.adformandum.org\/si\/wp-json\/wp\/v2\/pages"}],"about":[{"href":"https:\/\/www.adformandum.org\/si\/wp-json\/wp\/v2\/types\/page"}],"author":[{"embeddable":true,"href":"https:\/\/www.adformandum.org\/si\/wp-json\/wp\/v2\/users\/1"}],"replies":[{"embeddable":true,"href":"https:\/\/www.adformandum.org\/si\/wp-json\/wp\/v2\/comments?post=5527"}],"version-history":[{"count":7,"href":"https:\/\/www.adformandum.org\/si\/wp-json\/wp\/v2\/pages\/5527\/revisions"}],"predecessor-version":[{"id":5601,"href":"https:\/\/www.adformandum.org\/si\/wp-json\/wp\/v2\/pages\/5527\/revisions\/5601"}],"wp:attachment":[{"href":"https:\/\/www.adformandum.org\/si\/wp-json\/wp\/v2\/media?parent=5527"}],"curies":[{"name":"wp","href":"https:\/\/api.w.org\/{rel}","templated":true}]}}